{"id":14729,"date":"2025-03-05T09:15:11","date_gmt":"2025-03-05T08:15:11","guid":{"rendered":"https:\/\/vzsbfarm.hu\/index.php\/product\/villanypasztor-csomag-daltor-defense-2-5j-12v-standard-250m-3-femszalas-60kg-zsinorral\/"},"modified":"2026-05-05T04:25:42","modified_gmt":"2026-05-05T02:25:42","slug":"villanypasztor-csomag-daltor-defense-2-5j-12v-standard-250m-3-femszalas-60kg-zsinorral","status":"publish","type":"product","link":"https:\/\/vzsbfarm.hu\/index.php\/product\/villanypasztor-csomag-daltor-defense-2-5j-12v-standard-250m-3-femszalas-60kg-zsinorral\/","title":{"rendered":"Villanyp\u00e1sztor csomag DALTOR Defense 2.5J 12V, Standard 250m 3 f\u00e9msz\u00e1las 60kg zsin\u00f3rral"},"content":{"rendered":"<p>Teljes villanyp\u00e1sztor csomag DALTOR Defense 2.5J, 250m-es zsin\u00f3rral \u2013 hat\u00e9kony megold\u00e1s h\u00e1zi\u00e1llatok v\u00e9delm\u00e9re \u00e9s vad\u00e1llatok t\u00e1voltart\u00e1s\u00e1ra. Minden sz\u00fcks\u00e9ges tartoz\u00e9kot tartalmaz!<\/p>\n","protected":false},"excerpt":{"rendered":"<p>Teljes villanyp\u00e1sztor csomag DALTOR Defense 2.5J, 250m-es zsin\u00f3rral \u2013 hat\u00e9kony megold\u00e1s h\u00e1zi\u00e1llatok v\u00e9delm\u00e9re \u00e9s vad\u00e1llatok t\u00e1voltart\u00e1s\u00e1ra. Minden sz\u00fcks\u00e9ges tartoz\u00e9kot tartalmaz!<\/p>\n","protected":false},"featured_media":14730,"template":"","meta":[],"product_brand":[],"product_cat":[190],"product_tag":[],"class_list":{"0":"post-14729","1":"product","2":"type-product","3":"status-publish","4":"has-post-thumbnail","6":"product_cat-villanypasztor-csomagok","8":"first","9":"instock","10":"shipping-taxable","11":"purchasable","12":"product-type-simple"},"yoast_head":"<!-- This site is optimized with the Yoast SEO plugin v24.7 - https:\/\/yoast.com\/wordpress\/plugins\/seo\/ -->\n<title>Villanyp\u00e1sztor csomag DALTOR Defense 2.5J 12V, Standard 250m 3 f\u00e9msz\u00e1las 60kg zsin\u00f3rral - vzsbfarm.hu<\/title>\n<meta name=\"robots\" content=\"index, follow, max-snippet:-1, max-image-preview:large, max-video-preview:-1\" \/>\n<link rel=\"canonical\" href=\"https:\/\/vzsbfarm.hu\/index.php\/product\/villanypasztor-csomag-daltor-defense-2-5j-12v-standard-250m-3-femszalas-60kg-zsinorral\/\" \/>\n<meta property=\"og:locale\" content=\"hu_HU\" \/>\n<meta property=\"og:type\" content=\"article\" \/>\n<meta property=\"og:title\" content=\"Villanyp\u00e1sztor csomag DALTOR Defense 2.5J 12V, Standard 250m 3 f\u00e9msz\u00e1las 60kg zsin\u00f3rral - vzsbfarm.hu\" \/>\n<meta property=\"og:description\" content=\"Teljes villanyp\u00e1sztor csomag DALTOR Defense 2.5J, 250m-es zsin\u00f3rral \u2013 hat\u00e9kony megold\u00e1s h\u00e1zi\u00e1llatok v\u00e9delm\u00e9re \u00e9s vad\u00e1llatok t\u00e1voltart\u00e1s\u00e1ra. Minden sz\u00fcks\u00e9ges tartoz\u00e9kot tartalmaz!\" \/>\n<meta property=\"og:url\" content=\"https:\/\/vzsbfarm.hu\/index.php\/product\/villanypasztor-csomag-daltor-defense-2-5j-12v-standard-250m-3-femszalas-60kg-zsinorral\/\" \/>\n<meta property=\"og:site_name\" content=\"vzsbfarm.hu\" \/>\n<meta property=\"article:modified_time\" content=\"2026-05-05T02:25:42+00:00\" \/>\n<meta property=\"og:image\" content=\"https:\/\/vzsbfarm.hu\/wp-content\/uploads\/2025\/03\/PGE01-25-025K-DT-1714717307413.jpg\" \/>\n\t<meta property=\"og:image:width\" content=\"1800\" \/>\n\t<meta property=\"og:image:height\" content=\"1800\" \/>\n\t<meta property=\"og:image:type\" content=\"image\/jpeg\" \/>\n<meta name=\"twitter:card\" content=\"summary_large_image\" \/>\n<script type=\"application\/ld+json\" class=\"yoast-schema-graph\">{\"@context\":\"https:\/\/schema.org\",\"@graph\":[{\"@type\":\"WebPage\",\"@id\":\"https:\/\/vzsbfarm.hu\/index.php\/product\/villanypasztor-csomag-daltor-defense-2-5j-12v-standard-250m-3-femszalas-60kg-zsinorral\/\",\"url\":\"https:\/\/vzsbfarm.hu\/index.php\/product\/villanypasztor-csomag-daltor-defense-2-5j-12v-standard-250m-3-femszalas-60kg-zsinorral\/\",\"name\":\"Villanyp\u00e1sztor csomag DALTOR Defense 2.5J 12V, Standard 250m 3 f\u00e9msz\u00e1las 60kg zsin\u00f3rral - vzsbfarm.hu\",\"isPartOf\":{\"@id\":\"https:\/\/vzsbfarm.hu\/#website\"},\"primaryImageOfPage\":{\"@id\":\"https:\/\/vzsbfarm.hu\/index.php\/product\/villanypasztor-csomag-daltor-defense-2-5j-12v-standard-250m-3-femszalas-60kg-zsinorral\/#primaryimage\"},\"image\":{\"@id\":\"https:\/\/vzsbfarm.hu\/index.php\/product\/villanypasztor-csomag-daltor-defense-2-5j-12v-standard-250m-3-femszalas-60kg-zsinorral\/#primaryimage\"},\"thumbnailUrl\":\"https:\/\/vzsbfarm.hu\/wp-content\/uploads\/2025\/03\/PGE01-25-025K-DT-1714717307413.jpg\",\"datePublished\":\"2025-03-05T08:15:11+00:00\",\"dateModified\":\"2026-05-05T02:25:42+00:00\",\"breadcrumb\":{\"@id\":\"https:\/\/vzsbfarm.hu\/index.php\/product\/villanypasztor-csomag-daltor-defense-2-5j-12v-standard-250m-3-femszalas-60kg-zsinorral\/#breadcrumb\"},\"inLanguage\":\"hu\",\"potentialAction\":[{\"@type\":\"ReadAction\",\"target\":[\"https:\/\/vzsbfarm.hu\/index.php\/product\/villanypasztor-csomag-daltor-defense-2-5j-12v-standard-250m-3-femszalas-60kg-zsinorral\/\"]}]},{\"@type\":\"ImageObject\",\"inLanguage\":\"hu\",\"@id\":\"https:\/\/vzsbfarm.hu\/index.php\/product\/villanypasztor-csomag-daltor-defense-2-5j-12v-standard-250m-3-femszalas-60kg-zsinorral\/#primaryimage\",\"url\":\"https:\/\/vzsbfarm.hu\/wp-content\/uploads\/2025\/03\/PGE01-25-025K-DT-1714717307413.jpg\",\"contentUrl\":\"https:\/\/vzsbfarm.hu\/wp-content\/uploads\/2025\/03\/PGE01-25-025K-DT-1714717307413.jpg\",\"width\":1800,\"height\":1800},{\"@type\":\"BreadcrumbList\",\"@id\":\"https:\/\/vzsbfarm.hu\/index.php\/product\/villanypasztor-csomag-daltor-defense-2-5j-12v-standard-250m-3-femszalas-60kg-zsinorral\/#breadcrumb\",\"itemListElement\":[{\"@type\":\"ListItem\",\"position\":1,\"name\":\"Kezd\u0151lap\",\"item\":\"https:\/\/vzsbfarm.hu\/\"},{\"@type\":\"ListItem\",\"position\":2,\"name\":\"Shop\",\"item\":\"https:\/\/vzsbfarm.hu\/index.php\/shop-2\/\"},{\"@type\":\"ListItem\",\"position\":3,\"name\":\"Villanyp\u00e1sztor csomag DALTOR Defense 2.5J 12V, Standard 250m 3 f\u00e9msz\u00e1las 60kg zsin\u00f3rral\"}]},{\"@type\":\"WebSite\",\"@id\":\"https:\/\/vzsbfarm.hu\/#website\",\"url\":\"https:\/\/vzsbfarm.hu\/\",\"name\":\"VZSBFarm.hu\",\"description\":\"\",\"publisher\":{\"@id\":\"https:\/\/vzsbfarm.hu\/#organization\"},\"potentialAction\":[{\"@type\":\"SearchAction\",\"target\":{\"@type\":\"EntryPoint\",\"urlTemplate\":\"https:\/\/vzsbfarm.hu\/?s={search_term_string}\"},\"query-input\":{\"@type\":\"PropertyValueSpecification\",\"valueRequired\":true,\"valueName\":\"search_term_string\"}}],\"inLanguage\":\"hu\"},{\"@type\":\"Organization\",\"@id\":\"https:\/\/vzsbfarm.hu\/#organization\",\"name\":\"vzsbfarm.hu\",\"url\":\"https:\/\/vzsbfarm.hu\/\",\"logo\":{\"@type\":\"ImageObject\",\"inLanguage\":\"hu\",\"@id\":\"https:\/\/vzsbfarm.hu\/#\/schema\/logo\/image\/\",\"url\":\"https:\/\/vzsbfarm.hu\/wp-content\/uploads\/2025\/03\/vzsbfarm.png\",\"contentUrl\":\"https:\/\/vzsbfarm.hu\/wp-content\/uploads\/2025\/03\/vzsbfarm.png\",\"width\":1295,\"height\":118,\"caption\":\"vzsbfarm.hu\"},\"image\":{\"@id\":\"https:\/\/vzsbfarm.hu\/#\/schema\/logo\/image\/\"}}]}<\/script>\n<!-- \/ Yoast SEO plugin. -->","yoast_head_json":{"title":"Villanyp\u00e1sztor csomag DALTOR Defense 2.5J 12V, Standard 250m 3 f\u00e9msz\u00e1las 60kg zsin\u00f3rral - vzsbfarm.hu","robots":{"index":"index","follow":"follow","max-snippet":"max-snippet:-1","max-image-preview":"max-image-preview:large","max-video-preview":"max-video-preview:-1"},"canonical":"https:\/\/vzsbfarm.hu\/index.php\/product\/villanypasztor-csomag-daltor-defense-2-5j-12v-standard-250m-3-femszalas-60kg-zsinorral\/","og_locale":"hu_HU","og_type":"article","og_title":"Villanyp\u00e1sztor csomag DALTOR Defense 2.5J 12V, Standard 250m 3 f\u00e9msz\u00e1las 60kg zsin\u00f3rral - vzsbfarm.hu","og_description":"Teljes villanyp\u00e1sztor csomag DALTOR Defense 2.5J, 250m-es zsin\u00f3rral \u2013 hat\u00e9kony megold\u00e1s h\u00e1zi\u00e1llatok v\u00e9delm\u00e9re \u00e9s vad\u00e1llatok t\u00e1voltart\u00e1s\u00e1ra. Minden sz\u00fcks\u00e9ges tartoz\u00e9kot tartalmaz!","og_url":"https:\/\/vzsbfarm.hu\/index.php\/product\/villanypasztor-csomag-daltor-defense-2-5j-12v-standard-250m-3-femszalas-60kg-zsinorral\/","og_site_name":"vzsbfarm.hu","article_modified_time":"2026-05-05T02:25:42+00:00","og_image":[{"width":1800,"height":1800,"url":"https:\/\/vzsbfarm.hu\/wp-content\/uploads\/2025\/03\/PGE01-25-025K-DT-1714717307413.jpg","type":"image\/jpeg"}],"twitter_card":"summary_large_image","schema":{"@context":"https:\/\/schema.org","@graph":[{"@type":"WebPage","@id":"https:\/\/vzsbfarm.hu\/index.php\/product\/villanypasztor-csomag-daltor-defense-2-5j-12v-standard-250m-3-femszalas-60kg-zsinorral\/","url":"https:\/\/vzsbfarm.hu\/index.php\/product\/villanypasztor-csomag-daltor-defense-2-5j-12v-standard-250m-3-femszalas-60kg-zsinorral\/","name":"Villanyp\u00e1sztor csomag DALTOR Defense 2.5J 12V, Standard 250m 3 f\u00e9msz\u00e1las 60kg zsin\u00f3rral - vzsbfarm.hu","isPartOf":{"@id":"https:\/\/vzsbfarm.hu\/#website"},"primaryImageOfPage":{"@id":"https:\/\/vzsbfarm.hu\/index.php\/product\/villanypasztor-csomag-daltor-defense-2-5j-12v-standard-250m-3-femszalas-60kg-zsinorral\/#primaryimage"},"image":{"@id":"https:\/\/vzsbfarm.hu\/index.php\/product\/villanypasztor-csomag-daltor-defense-2-5j-12v-standard-250m-3-femszalas-60kg-zsinorral\/#primaryimage"},"thumbnailUrl":"https:\/\/vzsbfarm.hu\/wp-content\/uploads\/2025\/03\/PGE01-25-025K-DT-1714717307413.jpg","datePublished":"2025-03-05T08:15:11+00:00","dateModified":"2026-05-05T02:25:42+00:00","breadcrumb":{"@id":"https:\/\/vzsbfarm.hu\/index.php\/product\/villanypasztor-csomag-daltor-defense-2-5j-12v-standard-250m-3-femszalas-60kg-zsinorral\/#breadcrumb"},"inLanguage":"hu","potentialAction":[{"@type":"ReadAction","target":["https:\/\/vzsbfarm.hu\/index.php\/product\/villanypasztor-csomag-daltor-defense-2-5j-12v-standard-250m-3-femszalas-60kg-zsinorral\/"]}]},{"@type":"ImageObject","inLanguage":"hu","@id":"https:\/\/vzsbfarm.hu\/index.php\/product\/villanypasztor-csomag-daltor-defense-2-5j-12v-standard-250m-3-femszalas-60kg-zsinorral\/#primaryimage","url":"https:\/\/vzsbfarm.hu\/wp-content\/uploads\/2025\/03\/PGE01-25-025K-DT-1714717307413.jpg","contentUrl":"https:\/\/vzsbfarm.hu\/wp-content\/uploads\/2025\/03\/PGE01-25-025K-DT-1714717307413.jpg","width":1800,"height":1800},{"@type":"BreadcrumbList","@id":"https:\/\/vzsbfarm.hu\/index.php\/product\/villanypasztor-csomag-daltor-defense-2-5j-12v-standard-250m-3-femszalas-60kg-zsinorral\/#breadcrumb","itemListElement":[{"@type":"ListItem","position":1,"name":"Kezd\u0151lap","item":"https:\/\/vzsbfarm.hu\/"},{"@type":"ListItem","position":2,"name":"Shop","item":"https:\/\/vzsbfarm.hu\/index.php\/shop-2\/"},{"@type":"ListItem","position":3,"name":"Villanyp\u00e1sztor csomag DALTOR Defense 2.5J 12V, Standard 250m 3 f\u00e9msz\u00e1las 60kg zsin\u00f3rral"}]},{"@type":"WebSite","@id":"https:\/\/vzsbfarm.hu\/#website","url":"https:\/\/vzsbfarm.hu\/","name":"VZSBFarm.hu","description":"","publisher":{"@id":"https:\/\/vzsbfarm.hu\/#organization"},"potentialAction":[{"@type":"SearchAction","target":{"@type":"EntryPoint","urlTemplate":"https:\/\/vzsbfarm.hu\/?s={search_term_string}"},"query-input":{"@type":"PropertyValueSpecification","valueRequired":true,"valueName":"search_term_string"}}],"inLanguage":"hu"},{"@type":"Organization","@id":"https:\/\/vzsbfarm.hu\/#organization","name":"vzsbfarm.hu","url":"https:\/\/vzsbfarm.hu\/","logo":{"@type":"ImageObject","inLanguage":"hu","@id":"https:\/\/vzsbfarm.hu\/#\/schema\/logo\/image\/","url":"https:\/\/vzsbfarm.hu\/wp-content\/uploads\/2025\/03\/vzsbfarm.png","contentUrl":"https:\/\/vzsbfarm.hu\/wp-content\/uploads\/2025\/03\/vzsbfarm.png","width":1295,"height":118,"caption":"vzsbfarm.hu"},"image":{"@id":"https:\/\/vzsbfarm.hu\/#\/schema\/logo\/image\/"}}]}},"_links":{"self":[{"href":"https:\/\/vzsbfarm.hu\/index.php\/wp-json\/wp\/v2\/product\/14729","targetHints":{"allow":["GET"]}}],"collection":[{"href":"https:\/\/vzsbfarm.hu\/index.php\/wp-json\/wp\/v2\/product"}],"about":[{"href":"https:\/\/vzsbfarm.hu\/index.php\/wp-json\/wp\/v2\/types\/product"}],"wp:featuredmedia":[{"embeddable":true,"href":"https:\/\/vzsbfarm.hu\/index.php\/wp-json\/wp\/v2\/media\/14730"}],"wp:attachment":[{"href":"https:\/\/vzsbfarm.hu\/index.php\/wp-json\/wp\/v2\/media?parent=14729"}],"wp:term":[{"taxonomy":"product_brand","embeddable":true,"href":"https:\/\/vzsbfarm.hu\/index.php\/wp-json\/wp\/v2\/product_brand?post=14729"},{"taxonomy":"product_cat","embeddable":true,"href":"https:\/\/vzsbfarm.hu\/index.php\/wp-json\/wp\/v2\/product_cat?post=14729"},{"taxonomy":"product_tag","embeddable":true,"href":"https:\/\/vzsbfarm.hu\/index.php\/wp-json\/wp\/v2\/product_tag?post=14729"}],"curies":[{"name":"wp","href":"https:\/\/api.w.org\/{rel}","templated":true}]}}