{"id":14781,"date":"2025-03-05T09:15:25","date_gmt":"2025-03-05T08:15:25","guid":{"rendered":"https:\/\/vzsbfarm.hu\/index.php\/product\/dunlop-universal-gumicsizma\/"},"modified":"2026-04-17T04:00:58","modified_gmt":"2026-04-17T02:00:58","slug":"dunlop-universal-gumicsizma","status":"publish","type":"product","link":"https:\/\/vzsbfarm.hu\/index.php\/product\/dunlop-universal-gumicsizma\/","title":{"rendered":"Dunlop Universal gumicsizma"},"content":{"rendered":"<p>A Dunlop Universal gumicsizma &#8211; z\u00f6ld sz\u00ednben, v\u00edz\u00e1ll\u00f3 \u00e9s tart\u00f3s. Ide\u00e1lis v\u00e1laszt\u00e1s az \u0151szi-t\u00e9li id\u0151szakra. Talp anyaga tapad\u00e1smentes gumitalp.<\/p>\n","protected":false},"excerpt":{"rendered":"<p>A Dunlop Universal gumicsizma &#8211; z\u00f6ld sz\u00ednben, v\u00edz\u00e1ll\u00f3 \u00e9s tart\u00f3s. Ide\u00e1lis v\u00e1laszt\u00e1s az \u0151szi-t\u00e9li id\u0151szakra. Talp anyaga tapad\u00e1smentes gumitalp.<\/p>\n","protected":false},"featured_media":14782,"template":"","meta":[],"product_brand":[],"product_cat":[200],"product_tag":[],"class_list":{"0":"post-14781","1":"product","2":"type-product","3":"status-publish","4":"has-post-thumbnail","6":"product_cat-labbeli","8":"first","9":"instock","10":"shipping-taxable","11":"purchasable","12":"product-type-simple"},"yoast_head":"<!-- This site is optimized with the Yoast SEO plugin v24.7 - https:\/\/yoast.com\/wordpress\/plugins\/seo\/ -->\n<title>Dunlop Universal gumicsizma - vzsbfarm.hu<\/title>\n<meta name=\"robots\" content=\"index, follow, max-snippet:-1, max-image-preview:large, max-video-preview:-1\" \/>\n<link rel=\"canonical\" href=\"https:\/\/vzsbfarm.hu\/index.php\/product\/dunlop-universal-gumicsizma\/\" \/>\n<meta property=\"og:locale\" content=\"hu_HU\" \/>\n<meta property=\"og:type\" content=\"article\" \/>\n<meta property=\"og:title\" content=\"Dunlop Universal gumicsizma - vzsbfarm.hu\" \/>\n<meta property=\"og:description\" content=\"A Dunlop Universal gumicsizma &#8211; z\u00f6ld sz\u00ednben, v\u00edz\u00e1ll\u00f3 \u00e9s tart\u00f3s. Ide\u00e1lis v\u00e1laszt\u00e1s az \u0151szi-t\u00e9li id\u0151szakra. Talp anyaga tapad\u00e1smentes gumitalp.\" \/>\n<meta property=\"og:url\" content=\"https:\/\/vzsbfarm.hu\/index.php\/product\/dunlop-universal-gumicsizma\/\" \/>\n<meta property=\"og:site_name\" content=\"vzsbfarm.hu\" \/>\n<meta property=\"article:modified_time\" content=\"2026-04-17T02:00:58+00:00\" \/>\n<meta property=\"og:image\" content=\"https:\/\/vzsbfarm.hu\/wp-content\/uploads\/2025\/03\/CIZ17-1-1706884434048.jpg\" \/>\n\t<meta property=\"og:image:width\" content=\"600\" \/>\n\t<meta property=\"og:image:height\" content=\"600\" \/>\n\t<meta property=\"og:image:type\" content=\"image\/jpeg\" \/>\n<meta name=\"twitter:card\" content=\"summary_large_image\" \/>\n<script type=\"application\/ld+json\" class=\"yoast-schema-graph\">{\"@context\":\"https:\/\/schema.org\",\"@graph\":[{\"@type\":\"WebPage\",\"@id\":\"https:\/\/vzsbfarm.hu\/index.php\/product\/dunlop-universal-gumicsizma\/\",\"url\":\"https:\/\/vzsbfarm.hu\/index.php\/product\/dunlop-universal-gumicsizma\/\",\"name\":\"Dunlop Universal gumicsizma - vzsbfarm.hu\",\"isPartOf\":{\"@id\":\"https:\/\/vzsbfarm.hu\/#website\"},\"primaryImageOfPage\":{\"@id\":\"https:\/\/vzsbfarm.hu\/index.php\/product\/dunlop-universal-gumicsizma\/#primaryimage\"},\"image\":{\"@id\":\"https:\/\/vzsbfarm.hu\/index.php\/product\/dunlop-universal-gumicsizma\/#primaryimage\"},\"thumbnailUrl\":\"https:\/\/vzsbfarm.hu\/wp-content\/uploads\/2025\/03\/CIZ17-1-1706884434048.jpg\",\"datePublished\":\"2025-03-05T08:15:25+00:00\",\"dateModified\":\"2026-04-17T02:00:58+00:00\",\"breadcrumb\":{\"@id\":\"https:\/\/vzsbfarm.hu\/index.php\/product\/dunlop-universal-gumicsizma\/#breadcrumb\"},\"inLanguage\":\"hu\",\"potentialAction\":[{\"@type\":\"ReadAction\",\"target\":[\"https:\/\/vzsbfarm.hu\/index.php\/product\/dunlop-universal-gumicsizma\/\"]}]},{\"@type\":\"ImageObject\",\"inLanguage\":\"hu\",\"@id\":\"https:\/\/vzsbfarm.hu\/index.php\/product\/dunlop-universal-gumicsizma\/#primaryimage\",\"url\":\"https:\/\/vzsbfarm.hu\/wp-content\/uploads\/2025\/03\/CIZ17-1-1706884434048.jpg\",\"contentUrl\":\"https:\/\/vzsbfarm.hu\/wp-content\/uploads\/2025\/03\/CIZ17-1-1706884434048.jpg\",\"width\":600,\"height\":600},{\"@type\":\"BreadcrumbList\",\"@id\":\"https:\/\/vzsbfarm.hu\/index.php\/product\/dunlop-universal-gumicsizma\/#breadcrumb\",\"itemListElement\":[{\"@type\":\"ListItem\",\"position\":1,\"name\":\"Kezd\u0151lap\",\"item\":\"https:\/\/vzsbfarm.hu\/\"},{\"@type\":\"ListItem\",\"position\":2,\"name\":\"Shop\",\"item\":\"https:\/\/vzsbfarm.hu\/index.php\/shop-2\/\"},{\"@type\":\"ListItem\",\"position\":3,\"name\":\"Dunlop Universal gumicsizma\"}]},{\"@type\":\"WebSite\",\"@id\":\"https:\/\/vzsbfarm.hu\/#website\",\"url\":\"https:\/\/vzsbfarm.hu\/\",\"name\":\"VZSBFarm.hu\",\"description\":\"\",\"publisher\":{\"@id\":\"https:\/\/vzsbfarm.hu\/#organization\"},\"potentialAction\":[{\"@type\":\"SearchAction\",\"target\":{\"@type\":\"EntryPoint\",\"urlTemplate\":\"https:\/\/vzsbfarm.hu\/?s={search_term_string}\"},\"query-input\":{\"@type\":\"PropertyValueSpecification\",\"valueRequired\":true,\"valueName\":\"search_term_string\"}}],\"inLanguage\":\"hu\"},{\"@type\":\"Organization\",\"@id\":\"https:\/\/vzsbfarm.hu\/#organization\",\"name\":\"vzsbfarm.hu\",\"url\":\"https:\/\/vzsbfarm.hu\/\",\"logo\":{\"@type\":\"ImageObject\",\"inLanguage\":\"hu\",\"@id\":\"https:\/\/vzsbfarm.hu\/#\/schema\/logo\/image\/\",\"url\":\"https:\/\/vzsbfarm.hu\/wp-content\/uploads\/2025\/03\/vzsbfarm.png\",\"contentUrl\":\"https:\/\/vzsbfarm.hu\/wp-content\/uploads\/2025\/03\/vzsbfarm.png\",\"width\":1295,\"height\":118,\"caption\":\"vzsbfarm.hu\"},\"image\":{\"@id\":\"https:\/\/vzsbfarm.hu\/#\/schema\/logo\/image\/\"}}]}<\/script>\n<!-- \/ Yoast SEO plugin. -->","yoast_head_json":{"title":"Dunlop Universal gumicsizma - vzsbfarm.hu","robots":{"index":"index","follow":"follow","max-snippet":"max-snippet:-1","max-image-preview":"max-image-preview:large","max-video-preview":"max-video-preview:-1"},"canonical":"https:\/\/vzsbfarm.hu\/index.php\/product\/dunlop-universal-gumicsizma\/","og_locale":"hu_HU","og_type":"article","og_title":"Dunlop Universal gumicsizma - vzsbfarm.hu","og_description":"A Dunlop Universal gumicsizma &#8211; z\u00f6ld sz\u00ednben, v\u00edz\u00e1ll\u00f3 \u00e9s tart\u00f3s. Ide\u00e1lis v\u00e1laszt\u00e1s az \u0151szi-t\u00e9li id\u0151szakra. Talp anyaga tapad\u00e1smentes gumitalp.","og_url":"https:\/\/vzsbfarm.hu\/index.php\/product\/dunlop-universal-gumicsizma\/","og_site_name":"vzsbfarm.hu","article_modified_time":"2026-04-17T02:00:58+00:00","og_image":[{"width":600,"height":600,"url":"https:\/\/vzsbfarm.hu\/wp-content\/uploads\/2025\/03\/CIZ17-1-1706884434048.jpg","type":"image\/jpeg"}],"twitter_card":"summary_large_image","schema":{"@context":"https:\/\/schema.org","@graph":[{"@type":"WebPage","@id":"https:\/\/vzsbfarm.hu\/index.php\/product\/dunlop-universal-gumicsizma\/","url":"https:\/\/vzsbfarm.hu\/index.php\/product\/dunlop-universal-gumicsizma\/","name":"Dunlop Universal gumicsizma - vzsbfarm.hu","isPartOf":{"@id":"https:\/\/vzsbfarm.hu\/#website"},"primaryImageOfPage":{"@id":"https:\/\/vzsbfarm.hu\/index.php\/product\/dunlop-universal-gumicsizma\/#primaryimage"},"image":{"@id":"https:\/\/vzsbfarm.hu\/index.php\/product\/dunlop-universal-gumicsizma\/#primaryimage"},"thumbnailUrl":"https:\/\/vzsbfarm.hu\/wp-content\/uploads\/2025\/03\/CIZ17-1-1706884434048.jpg","datePublished":"2025-03-05T08:15:25+00:00","dateModified":"2026-04-17T02:00:58+00:00","breadcrumb":{"@id":"https:\/\/vzsbfarm.hu\/index.php\/product\/dunlop-universal-gumicsizma\/#breadcrumb"},"inLanguage":"hu","potentialAction":[{"@type":"ReadAction","target":["https:\/\/vzsbfarm.hu\/index.php\/product\/dunlop-universal-gumicsizma\/"]}]},{"@type":"ImageObject","inLanguage":"hu","@id":"https:\/\/vzsbfarm.hu\/index.php\/product\/dunlop-universal-gumicsizma\/#primaryimage","url":"https:\/\/vzsbfarm.hu\/wp-content\/uploads\/2025\/03\/CIZ17-1-1706884434048.jpg","contentUrl":"https:\/\/vzsbfarm.hu\/wp-content\/uploads\/2025\/03\/CIZ17-1-1706884434048.jpg","width":600,"height":600},{"@type":"BreadcrumbList","@id":"https:\/\/vzsbfarm.hu\/index.php\/product\/dunlop-universal-gumicsizma\/#breadcrumb","itemListElement":[{"@type":"ListItem","position":1,"name":"Kezd\u0151lap","item":"https:\/\/vzsbfarm.hu\/"},{"@type":"ListItem","position":2,"name":"Shop","item":"https:\/\/vzsbfarm.hu\/index.php\/shop-2\/"},{"@type":"ListItem","position":3,"name":"Dunlop Universal gumicsizma"}]},{"@type":"WebSite","@id":"https:\/\/vzsbfarm.hu\/#website","url":"https:\/\/vzsbfarm.hu\/","name":"VZSBFarm.hu","description":"","publisher":{"@id":"https:\/\/vzsbfarm.hu\/#organization"},"potentialAction":[{"@type":"SearchAction","target":{"@type":"EntryPoint","urlTemplate":"https:\/\/vzsbfarm.hu\/?s={search_term_string}"},"query-input":{"@type":"PropertyValueSpecification","valueRequired":true,"valueName":"search_term_string"}}],"inLanguage":"hu"},{"@type":"Organization","@id":"https:\/\/vzsbfarm.hu\/#organization","name":"vzsbfarm.hu","url":"https:\/\/vzsbfarm.hu\/","logo":{"@type":"ImageObject","inLanguage":"hu","@id":"https:\/\/vzsbfarm.hu\/#\/schema\/logo\/image\/","url":"https:\/\/vzsbfarm.hu\/wp-content\/uploads\/2025\/03\/vzsbfarm.png","contentUrl":"https:\/\/vzsbfarm.hu\/wp-content\/uploads\/2025\/03\/vzsbfarm.png","width":1295,"height":118,"caption":"vzsbfarm.hu"},"image":{"@id":"https:\/\/vzsbfarm.hu\/#\/schema\/logo\/image\/"}}]}},"_links":{"self":[{"href":"https:\/\/vzsbfarm.hu\/index.php\/wp-json\/wp\/v2\/product\/14781","targetHints":{"allow":["GET"]}}],"collection":[{"href":"https:\/\/vzsbfarm.hu\/index.php\/wp-json\/wp\/v2\/product"}],"about":[{"href":"https:\/\/vzsbfarm.hu\/index.php\/wp-json\/wp\/v2\/types\/product"}],"wp:featuredmedia":[{"embeddable":true,"href":"https:\/\/vzsbfarm.hu\/index.php\/wp-json\/wp\/v2\/media\/14782"}],"wp:attachment":[{"href":"https:\/\/vzsbfarm.hu\/index.php\/wp-json\/wp\/v2\/media?parent=14781"}],"wp:term":[{"taxonomy":"product_brand","embeddable":true,"href":"https:\/\/vzsbfarm.hu\/index.php\/wp-json\/wp\/v2\/product_brand?post=14781"},{"taxonomy":"product_cat","embeddable":true,"href":"https:\/\/vzsbfarm.hu\/index.php\/wp-json\/wp\/v2\/product_cat?post=14781"},{"taxonomy":"product_tag","embeddable":true,"href":"https:\/\/vzsbfarm.hu\/index.php\/wp-json\/wp\/v2\/product_tag?post=14781"}],"curies":[{"name":"wp","href":"https:\/\/api.w.org\/{rel}","templated":true}]}}