{"id":15005,"date":"2025-03-05T09:17:26","date_gmt":"2025-03-05T08:17:26","guid":{"rendered":"https:\/\/vzsbfarm.hu\/index.php\/product\/grenlander-hoszigetelt-csizmak-betete\/"},"modified":"2026-04-17T04:00:54","modified_gmt":"2026-04-17T02:00:54","slug":"grenlander-hoszigetelt-csizmak-betete","status":"publish","type":"product","link":"https:\/\/vzsbfarm.hu\/index.php\/product\/grenlander-hoszigetelt-csizmak-betete\/","title":{"rendered":"Grenlander h\u0151szigetelt csizm\u00e1k bet\u00e9te"},"content":{"rendered":"<p>A Grenlander h\u0151szigetelt csizma b\u00e9l\u00e9s k\u00f6nny\u0171 \u00e9s meleg. A b\u00e9l\u00e9s levehet\u0151 \u00e9s moshat\u00f3. Talp hossza: \u224826.5cm. Z\u00f6ld sz\u00edn\u0171 \u00e9s moshat\u00f3. Anyaga: Poli\u00e9szter.<\/p>\n","protected":false},"excerpt":{"rendered":"<p>A Grenlander h\u0151szigetelt csizma b\u00e9l\u00e9s k\u00f6nny\u0171 \u00e9s meleg. A b\u00e9l\u00e9s levehet\u0151 \u00e9s moshat\u00f3. Talp hossza: \u224826.5cm. Z\u00f6ld sz\u00edn\u0171 \u00e9s moshat\u00f3. Anyaga: Poli\u00e9szter.<\/p>\n","protected":false},"featured_media":15006,"template":"","meta":[],"product_brand":[],"product_cat":[200],"product_tag":[],"class_list":{"0":"post-15005","1":"product","2":"type-product","3":"status-publish","4":"has-post-thumbnail","6":"product_cat-labbeli","8":"first","9":"instock","10":"shipping-taxable","11":"purchasable","12":"product-type-simple"},"yoast_head":"<!-- This site is optimized with the Yoast SEO plugin v24.7 - https:\/\/yoast.com\/wordpress\/plugins\/seo\/ -->\n<title>Grenlander h\u0151szigetelt csizm\u00e1k bet\u00e9te - vzsbfarm.hu<\/title>\n<meta name=\"robots\" content=\"index, follow, max-snippet:-1, max-image-preview:large, max-video-preview:-1\" \/>\n<link rel=\"canonical\" href=\"https:\/\/vzsbfarm.hu\/index.php\/product\/grenlander-hoszigetelt-csizmak-betete\/\" \/>\n<meta property=\"og:locale\" content=\"hu_HU\" \/>\n<meta property=\"og:type\" content=\"article\" \/>\n<meta property=\"og:title\" content=\"Grenlander h\u0151szigetelt csizm\u00e1k bet\u00e9te - vzsbfarm.hu\" \/>\n<meta property=\"og:description\" content=\"A Grenlander h\u0151szigetelt csizma b\u00e9l\u00e9s k\u00f6nny\u0171 \u00e9s meleg. A b\u00e9l\u00e9s levehet\u0151 \u00e9s moshat\u00f3. Talp hossza: \u224826.5cm. Z\u00f6ld sz\u00edn\u0171 \u00e9s moshat\u00f3. Anyaga: Poli\u00e9szter.\" \/>\n<meta property=\"og:url\" content=\"https:\/\/vzsbfarm.hu\/index.php\/product\/grenlander-hoszigetelt-csizmak-betete\/\" \/>\n<meta property=\"og:site_name\" content=\"vzsbfarm.hu\" \/>\n<meta property=\"article:modified_time\" content=\"2026-04-17T02:00:54+00:00\" \/>\n<meta property=\"og:image\" content=\"https:\/\/vzsbfarm.hu\/wp-content\/uploads\/2025\/03\/CAP13-1-1706884439932.jpg\" \/>\n\t<meta property=\"og:image:width\" content=\"600\" \/>\n\t<meta property=\"og:image:height\" content=\"600\" \/>\n\t<meta property=\"og:image:type\" content=\"image\/jpeg\" \/>\n<meta name=\"twitter:card\" content=\"summary_large_image\" \/>\n<script type=\"application\/ld+json\" class=\"yoast-schema-graph\">{\"@context\":\"https:\/\/schema.org\",\"@graph\":[{\"@type\":\"WebPage\",\"@id\":\"https:\/\/vzsbfarm.hu\/index.php\/product\/grenlander-hoszigetelt-csizmak-betete\/\",\"url\":\"https:\/\/vzsbfarm.hu\/index.php\/product\/grenlander-hoszigetelt-csizmak-betete\/\",\"name\":\"Grenlander h\u0151szigetelt csizm\u00e1k bet\u00e9te - vzsbfarm.hu\",\"isPartOf\":{\"@id\":\"https:\/\/vzsbfarm.hu\/#website\"},\"primaryImageOfPage\":{\"@id\":\"https:\/\/vzsbfarm.hu\/index.php\/product\/grenlander-hoszigetelt-csizmak-betete\/#primaryimage\"},\"image\":{\"@id\":\"https:\/\/vzsbfarm.hu\/index.php\/product\/grenlander-hoszigetelt-csizmak-betete\/#primaryimage\"},\"thumbnailUrl\":\"https:\/\/vzsbfarm.hu\/wp-content\/uploads\/2025\/03\/CAP13-1-1706884439932.jpg\",\"datePublished\":\"2025-03-05T08:17:26+00:00\",\"dateModified\":\"2026-04-17T02:00:54+00:00\",\"breadcrumb\":{\"@id\":\"https:\/\/vzsbfarm.hu\/index.php\/product\/grenlander-hoszigetelt-csizmak-betete\/#breadcrumb\"},\"inLanguage\":\"hu\",\"potentialAction\":[{\"@type\":\"ReadAction\",\"target\":[\"https:\/\/vzsbfarm.hu\/index.php\/product\/grenlander-hoszigetelt-csizmak-betete\/\"]}]},{\"@type\":\"ImageObject\",\"inLanguage\":\"hu\",\"@id\":\"https:\/\/vzsbfarm.hu\/index.php\/product\/grenlander-hoszigetelt-csizmak-betete\/#primaryimage\",\"url\":\"https:\/\/vzsbfarm.hu\/wp-content\/uploads\/2025\/03\/CAP13-1-1706884439932.jpg\",\"contentUrl\":\"https:\/\/vzsbfarm.hu\/wp-content\/uploads\/2025\/03\/CAP13-1-1706884439932.jpg\",\"width\":600,\"height\":600},{\"@type\":\"BreadcrumbList\",\"@id\":\"https:\/\/vzsbfarm.hu\/index.php\/product\/grenlander-hoszigetelt-csizmak-betete\/#breadcrumb\",\"itemListElement\":[{\"@type\":\"ListItem\",\"position\":1,\"name\":\"Kezd\u0151lap\",\"item\":\"https:\/\/vzsbfarm.hu\/\"},{\"@type\":\"ListItem\",\"position\":2,\"name\":\"Shop\",\"item\":\"https:\/\/vzsbfarm.hu\/index.php\/shop-2\/\"},{\"@type\":\"ListItem\",\"position\":3,\"name\":\"Grenlander h\u0151szigetelt csizm\u00e1k bet\u00e9te\"}]},{\"@type\":\"WebSite\",\"@id\":\"https:\/\/vzsbfarm.hu\/#website\",\"url\":\"https:\/\/vzsbfarm.hu\/\",\"name\":\"VZSBFarm.hu\",\"description\":\"\",\"publisher\":{\"@id\":\"https:\/\/vzsbfarm.hu\/#organization\"},\"potentialAction\":[{\"@type\":\"SearchAction\",\"target\":{\"@type\":\"EntryPoint\",\"urlTemplate\":\"https:\/\/vzsbfarm.hu\/?s={search_term_string}\"},\"query-input\":{\"@type\":\"PropertyValueSpecification\",\"valueRequired\":true,\"valueName\":\"search_term_string\"}}],\"inLanguage\":\"hu\"},{\"@type\":\"Organization\",\"@id\":\"https:\/\/vzsbfarm.hu\/#organization\",\"name\":\"vzsbfarm.hu\",\"url\":\"https:\/\/vzsbfarm.hu\/\",\"logo\":{\"@type\":\"ImageObject\",\"inLanguage\":\"hu\",\"@id\":\"https:\/\/vzsbfarm.hu\/#\/schema\/logo\/image\/\",\"url\":\"https:\/\/vzsbfarm.hu\/wp-content\/uploads\/2025\/03\/vzsbfarm.png\",\"contentUrl\":\"https:\/\/vzsbfarm.hu\/wp-content\/uploads\/2025\/03\/vzsbfarm.png\",\"width\":1295,\"height\":118,\"caption\":\"vzsbfarm.hu\"},\"image\":{\"@id\":\"https:\/\/vzsbfarm.hu\/#\/schema\/logo\/image\/\"}}]}<\/script>\n<!-- \/ Yoast SEO plugin. -->","yoast_head_json":{"title":"Grenlander h\u0151szigetelt csizm\u00e1k bet\u00e9te - vzsbfarm.hu","robots":{"index":"index","follow":"follow","max-snippet":"max-snippet:-1","max-image-preview":"max-image-preview:large","max-video-preview":"max-video-preview:-1"},"canonical":"https:\/\/vzsbfarm.hu\/index.php\/product\/grenlander-hoszigetelt-csizmak-betete\/","og_locale":"hu_HU","og_type":"article","og_title":"Grenlander h\u0151szigetelt csizm\u00e1k bet\u00e9te - vzsbfarm.hu","og_description":"A Grenlander h\u0151szigetelt csizma b\u00e9l\u00e9s k\u00f6nny\u0171 \u00e9s meleg. A b\u00e9l\u00e9s levehet\u0151 \u00e9s moshat\u00f3. Talp hossza: \u224826.5cm. Z\u00f6ld sz\u00edn\u0171 \u00e9s moshat\u00f3. Anyaga: Poli\u00e9szter.","og_url":"https:\/\/vzsbfarm.hu\/index.php\/product\/grenlander-hoszigetelt-csizmak-betete\/","og_site_name":"vzsbfarm.hu","article_modified_time":"2026-04-17T02:00:54+00:00","og_image":[{"width":600,"height":600,"url":"https:\/\/vzsbfarm.hu\/wp-content\/uploads\/2025\/03\/CAP13-1-1706884439932.jpg","type":"image\/jpeg"}],"twitter_card":"summary_large_image","schema":{"@context":"https:\/\/schema.org","@graph":[{"@type":"WebPage","@id":"https:\/\/vzsbfarm.hu\/index.php\/product\/grenlander-hoszigetelt-csizmak-betete\/","url":"https:\/\/vzsbfarm.hu\/index.php\/product\/grenlander-hoszigetelt-csizmak-betete\/","name":"Grenlander h\u0151szigetelt csizm\u00e1k bet\u00e9te - vzsbfarm.hu","isPartOf":{"@id":"https:\/\/vzsbfarm.hu\/#website"},"primaryImageOfPage":{"@id":"https:\/\/vzsbfarm.hu\/index.php\/product\/grenlander-hoszigetelt-csizmak-betete\/#primaryimage"},"image":{"@id":"https:\/\/vzsbfarm.hu\/index.php\/product\/grenlander-hoszigetelt-csizmak-betete\/#primaryimage"},"thumbnailUrl":"https:\/\/vzsbfarm.hu\/wp-content\/uploads\/2025\/03\/CAP13-1-1706884439932.jpg","datePublished":"2025-03-05T08:17:26+00:00","dateModified":"2026-04-17T02:00:54+00:00","breadcrumb":{"@id":"https:\/\/vzsbfarm.hu\/index.php\/product\/grenlander-hoszigetelt-csizmak-betete\/#breadcrumb"},"inLanguage":"hu","potentialAction":[{"@type":"ReadAction","target":["https:\/\/vzsbfarm.hu\/index.php\/product\/grenlander-hoszigetelt-csizmak-betete\/"]}]},{"@type":"ImageObject","inLanguage":"hu","@id":"https:\/\/vzsbfarm.hu\/index.php\/product\/grenlander-hoszigetelt-csizmak-betete\/#primaryimage","url":"https:\/\/vzsbfarm.hu\/wp-content\/uploads\/2025\/03\/CAP13-1-1706884439932.jpg","contentUrl":"https:\/\/vzsbfarm.hu\/wp-content\/uploads\/2025\/03\/CAP13-1-1706884439932.jpg","width":600,"height":600},{"@type":"BreadcrumbList","@id":"https:\/\/vzsbfarm.hu\/index.php\/product\/grenlander-hoszigetelt-csizmak-betete\/#breadcrumb","itemListElement":[{"@type":"ListItem","position":1,"name":"Kezd\u0151lap","item":"https:\/\/vzsbfarm.hu\/"},{"@type":"ListItem","position":2,"name":"Shop","item":"https:\/\/vzsbfarm.hu\/index.php\/shop-2\/"},{"@type":"ListItem","position":3,"name":"Grenlander h\u0151szigetelt csizm\u00e1k bet\u00e9te"}]},{"@type":"WebSite","@id":"https:\/\/vzsbfarm.hu\/#website","url":"https:\/\/vzsbfarm.hu\/","name":"VZSBFarm.hu","description":"","publisher":{"@id":"https:\/\/vzsbfarm.hu\/#organization"},"potentialAction":[{"@type":"SearchAction","target":{"@type":"EntryPoint","urlTemplate":"https:\/\/vzsbfarm.hu\/?s={search_term_string}"},"query-input":{"@type":"PropertyValueSpecification","valueRequired":true,"valueName":"search_term_string"}}],"inLanguage":"hu"},{"@type":"Organization","@id":"https:\/\/vzsbfarm.hu\/#organization","name":"vzsbfarm.hu","url":"https:\/\/vzsbfarm.hu\/","logo":{"@type":"ImageObject","inLanguage":"hu","@id":"https:\/\/vzsbfarm.hu\/#\/schema\/logo\/image\/","url":"https:\/\/vzsbfarm.hu\/wp-content\/uploads\/2025\/03\/vzsbfarm.png","contentUrl":"https:\/\/vzsbfarm.hu\/wp-content\/uploads\/2025\/03\/vzsbfarm.png","width":1295,"height":118,"caption":"vzsbfarm.hu"},"image":{"@id":"https:\/\/vzsbfarm.hu\/#\/schema\/logo\/image\/"}}]}},"_links":{"self":[{"href":"https:\/\/vzsbfarm.hu\/index.php\/wp-json\/wp\/v2\/product\/15005","targetHints":{"allow":["GET"]}}],"collection":[{"href":"https:\/\/vzsbfarm.hu\/index.php\/wp-json\/wp\/v2\/product"}],"about":[{"href":"https:\/\/vzsbfarm.hu\/index.php\/wp-json\/wp\/v2\/types\/product"}],"wp:featuredmedia":[{"embeddable":true,"href":"https:\/\/vzsbfarm.hu\/index.php\/wp-json\/wp\/v2\/media\/15006"}],"wp:attachment":[{"href":"https:\/\/vzsbfarm.hu\/index.php\/wp-json\/wp\/v2\/media?parent=15005"}],"wp:term":[{"taxonomy":"product_brand","embeddable":true,"href":"https:\/\/vzsbfarm.hu\/index.php\/wp-json\/wp\/v2\/product_brand?post=15005"},{"taxonomy":"product_cat","embeddable":true,"href":"https:\/\/vzsbfarm.hu\/index.php\/wp-json\/wp\/v2\/product_cat?post=15005"},{"taxonomy":"product_tag","embeddable":true,"href":"https:\/\/vzsbfarm.hu\/index.php\/wp-json\/wp\/v2\/product_tag?post=15005"}],"curies":[{"name":"wp","href":"https:\/\/api.w.org\/{rel}","templated":true}]}}