{"id":15039,"date":"2025-03-05T09:17:42","date_gmt":"2025-03-05T08:17:42","guid":{"rendered":"https:\/\/vzsbfarm.hu\/index.php\/product\/dunlop-blizzard-gumicsizma-gyerekeknek-kek\/"},"modified":"2026-04-17T04:00:56","modified_gmt":"2026-04-17T02:00:56","slug":"dunlop-blizzard-gumicsizma-gyerekeknek-kek","status":"publish","type":"product","link":"https:\/\/vzsbfarm.hu\/index.php\/product\/dunlop-blizzard-gumicsizma-gyerekeknek-kek\/","title":{"rendered":"Dunlop Blizzard gumicsizma gyerekeknek, k\u00e9k"},"content":{"rendered":"<p>V\u00edz\u00e1ll\u00f3 Dunlop Blizzard gumicsizma gyerekeknek, k\u00e9k sz\u00edn\u0171 b\u00e9l\u00e9ssel. Ide\u00e1lis v\u00e1laszt\u00e1s a l\u00e1bak sz\u00e1raz \u00e9s meleg tart\u00e1s\u00e1hoz t\u00e9len.<\/p>\n","protected":false},"excerpt":{"rendered":"<p>V\u00edz\u00e1ll\u00f3 Dunlop Blizzard gumicsizma gyerekeknek, k\u00e9k sz\u00edn\u0171 b\u00e9l\u00e9ssel. Ide\u00e1lis v\u00e1laszt\u00e1s a l\u00e1bak sz\u00e1raz \u00e9s meleg tart\u00e1s\u00e1hoz t\u00e9len.<\/p>\n","protected":false},"featured_media":15040,"template":"","meta":[],"product_brand":[],"product_cat":[200],"product_tag":[],"class_list":{"0":"post-15039","1":"product","2":"type-product","3":"status-publish","4":"has-post-thumbnail","6":"product_cat-labbeli","8":"first","9":"instock","10":"shipping-taxable","11":"purchasable","12":"product-type-simple"},"yoast_head":"<!-- This site is optimized with the Yoast SEO plugin v24.7 - https:\/\/yoast.com\/wordpress\/plugins\/seo\/ -->\n<title>Dunlop Blizzard gumicsizma gyerekeknek, k\u00e9k - vzsbfarm.hu<\/title>\n<meta name=\"robots\" content=\"index, follow, max-snippet:-1, max-image-preview:large, max-video-preview:-1\" \/>\n<link rel=\"canonical\" href=\"https:\/\/vzsbfarm.hu\/index.php\/product\/dunlop-blizzard-gumicsizma-gyerekeknek-kek\/\" \/>\n<meta property=\"og:locale\" content=\"hu_HU\" \/>\n<meta property=\"og:type\" content=\"article\" \/>\n<meta property=\"og:title\" content=\"Dunlop Blizzard gumicsizma gyerekeknek, k\u00e9k - vzsbfarm.hu\" \/>\n<meta property=\"og:description\" content=\"V\u00edz\u00e1ll\u00f3 Dunlop Blizzard gumicsizma gyerekeknek, k\u00e9k sz\u00edn\u0171 b\u00e9l\u00e9ssel. Ide\u00e1lis v\u00e1laszt\u00e1s a l\u00e1bak sz\u00e1raz \u00e9s meleg tart\u00e1s\u00e1hoz t\u00e9len.\" \/>\n<meta property=\"og:url\" content=\"https:\/\/vzsbfarm.hu\/index.php\/product\/dunlop-blizzard-gumicsizma-gyerekeknek-kek\/\" \/>\n<meta property=\"og:site_name\" content=\"vzsbfarm.hu\" \/>\n<meta property=\"article:modified_time\" content=\"2026-04-17T02:00:56+00:00\" \/>\n<meta property=\"og:image\" content=\"https:\/\/vzsbfarm.hu\/wp-content\/uploads\/2025\/03\/CIZ21-1-1706884444245.jpg\" \/>\n\t<meta property=\"og:image:width\" content=\"600\" \/>\n\t<meta property=\"og:image:height\" content=\"600\" \/>\n\t<meta property=\"og:image:type\" content=\"image\/jpeg\" \/>\n<meta name=\"twitter:card\" content=\"summary_large_image\" \/>\n<script type=\"application\/ld+json\" class=\"yoast-schema-graph\">{\"@context\":\"https:\/\/schema.org\",\"@graph\":[{\"@type\":\"WebPage\",\"@id\":\"https:\/\/vzsbfarm.hu\/index.php\/product\/dunlop-blizzard-gumicsizma-gyerekeknek-kek\/\",\"url\":\"https:\/\/vzsbfarm.hu\/index.php\/product\/dunlop-blizzard-gumicsizma-gyerekeknek-kek\/\",\"name\":\"Dunlop Blizzard gumicsizma gyerekeknek, k\u00e9k - vzsbfarm.hu\",\"isPartOf\":{\"@id\":\"https:\/\/vzsbfarm.hu\/#website\"},\"primaryImageOfPage\":{\"@id\":\"https:\/\/vzsbfarm.hu\/index.php\/product\/dunlop-blizzard-gumicsizma-gyerekeknek-kek\/#primaryimage\"},\"image\":{\"@id\":\"https:\/\/vzsbfarm.hu\/index.php\/product\/dunlop-blizzard-gumicsizma-gyerekeknek-kek\/#primaryimage\"},\"thumbnailUrl\":\"https:\/\/vzsbfarm.hu\/wp-content\/uploads\/2025\/03\/CIZ21-1-1706884444245.jpg\",\"datePublished\":\"2025-03-05T08:17:42+00:00\",\"dateModified\":\"2026-04-17T02:00:56+00:00\",\"breadcrumb\":{\"@id\":\"https:\/\/vzsbfarm.hu\/index.php\/product\/dunlop-blizzard-gumicsizma-gyerekeknek-kek\/#breadcrumb\"},\"inLanguage\":\"hu\",\"potentialAction\":[{\"@type\":\"ReadAction\",\"target\":[\"https:\/\/vzsbfarm.hu\/index.php\/product\/dunlop-blizzard-gumicsizma-gyerekeknek-kek\/\"]}]},{\"@type\":\"ImageObject\",\"inLanguage\":\"hu\",\"@id\":\"https:\/\/vzsbfarm.hu\/index.php\/product\/dunlop-blizzard-gumicsizma-gyerekeknek-kek\/#primaryimage\",\"url\":\"https:\/\/vzsbfarm.hu\/wp-content\/uploads\/2025\/03\/CIZ21-1-1706884444245.jpg\",\"contentUrl\":\"https:\/\/vzsbfarm.hu\/wp-content\/uploads\/2025\/03\/CIZ21-1-1706884444245.jpg\",\"width\":600,\"height\":600},{\"@type\":\"BreadcrumbList\",\"@id\":\"https:\/\/vzsbfarm.hu\/index.php\/product\/dunlop-blizzard-gumicsizma-gyerekeknek-kek\/#breadcrumb\",\"itemListElement\":[{\"@type\":\"ListItem\",\"position\":1,\"name\":\"Kezd\u0151lap\",\"item\":\"https:\/\/vzsbfarm.hu\/\"},{\"@type\":\"ListItem\",\"position\":2,\"name\":\"Shop\",\"item\":\"https:\/\/vzsbfarm.hu\/index.php\/shop-2\/\"},{\"@type\":\"ListItem\",\"position\":3,\"name\":\"Dunlop Blizzard gumicsizma gyerekeknek, k\u00e9k\"}]},{\"@type\":\"WebSite\",\"@id\":\"https:\/\/vzsbfarm.hu\/#website\",\"url\":\"https:\/\/vzsbfarm.hu\/\",\"name\":\"VZSBFarm.hu\",\"description\":\"\",\"publisher\":{\"@id\":\"https:\/\/vzsbfarm.hu\/#organization\"},\"potentialAction\":[{\"@type\":\"SearchAction\",\"target\":{\"@type\":\"EntryPoint\",\"urlTemplate\":\"https:\/\/vzsbfarm.hu\/?s={search_term_string}\"},\"query-input\":{\"@type\":\"PropertyValueSpecification\",\"valueRequired\":true,\"valueName\":\"search_term_string\"}}],\"inLanguage\":\"hu\"},{\"@type\":\"Organization\",\"@id\":\"https:\/\/vzsbfarm.hu\/#organization\",\"name\":\"vzsbfarm.hu\",\"url\":\"https:\/\/vzsbfarm.hu\/\",\"logo\":{\"@type\":\"ImageObject\",\"inLanguage\":\"hu\",\"@id\":\"https:\/\/vzsbfarm.hu\/#\/schema\/logo\/image\/\",\"url\":\"https:\/\/vzsbfarm.hu\/wp-content\/uploads\/2025\/03\/vzsbfarm.png\",\"contentUrl\":\"https:\/\/vzsbfarm.hu\/wp-content\/uploads\/2025\/03\/vzsbfarm.png\",\"width\":1295,\"height\":118,\"caption\":\"vzsbfarm.hu\"},\"image\":{\"@id\":\"https:\/\/vzsbfarm.hu\/#\/schema\/logo\/image\/\"}}]}<\/script>\n<!-- \/ Yoast SEO plugin. -->","yoast_head_json":{"title":"Dunlop Blizzard gumicsizma gyerekeknek, k\u00e9k - vzsbfarm.hu","robots":{"index":"index","follow":"follow","max-snippet":"max-snippet:-1","max-image-preview":"max-image-preview:large","max-video-preview":"max-video-preview:-1"},"canonical":"https:\/\/vzsbfarm.hu\/index.php\/product\/dunlop-blizzard-gumicsizma-gyerekeknek-kek\/","og_locale":"hu_HU","og_type":"article","og_title":"Dunlop Blizzard gumicsizma gyerekeknek, k\u00e9k - vzsbfarm.hu","og_description":"V\u00edz\u00e1ll\u00f3 Dunlop Blizzard gumicsizma gyerekeknek, k\u00e9k sz\u00edn\u0171 b\u00e9l\u00e9ssel. Ide\u00e1lis v\u00e1laszt\u00e1s a l\u00e1bak sz\u00e1raz \u00e9s meleg tart\u00e1s\u00e1hoz t\u00e9len.","og_url":"https:\/\/vzsbfarm.hu\/index.php\/product\/dunlop-blizzard-gumicsizma-gyerekeknek-kek\/","og_site_name":"vzsbfarm.hu","article_modified_time":"2026-04-17T02:00:56+00:00","og_image":[{"width":600,"height":600,"url":"https:\/\/vzsbfarm.hu\/wp-content\/uploads\/2025\/03\/CIZ21-1-1706884444245.jpg","type":"image\/jpeg"}],"twitter_card":"summary_large_image","schema":{"@context":"https:\/\/schema.org","@graph":[{"@type":"WebPage","@id":"https:\/\/vzsbfarm.hu\/index.php\/product\/dunlop-blizzard-gumicsizma-gyerekeknek-kek\/","url":"https:\/\/vzsbfarm.hu\/index.php\/product\/dunlop-blizzard-gumicsizma-gyerekeknek-kek\/","name":"Dunlop Blizzard gumicsizma gyerekeknek, k\u00e9k - vzsbfarm.hu","isPartOf":{"@id":"https:\/\/vzsbfarm.hu\/#website"},"primaryImageOfPage":{"@id":"https:\/\/vzsbfarm.hu\/index.php\/product\/dunlop-blizzard-gumicsizma-gyerekeknek-kek\/#primaryimage"},"image":{"@id":"https:\/\/vzsbfarm.hu\/index.php\/product\/dunlop-blizzard-gumicsizma-gyerekeknek-kek\/#primaryimage"},"thumbnailUrl":"https:\/\/vzsbfarm.hu\/wp-content\/uploads\/2025\/03\/CIZ21-1-1706884444245.jpg","datePublished":"2025-03-05T08:17:42+00:00","dateModified":"2026-04-17T02:00:56+00:00","breadcrumb":{"@id":"https:\/\/vzsbfarm.hu\/index.php\/product\/dunlop-blizzard-gumicsizma-gyerekeknek-kek\/#breadcrumb"},"inLanguage":"hu","potentialAction":[{"@type":"ReadAction","target":["https:\/\/vzsbfarm.hu\/index.php\/product\/dunlop-blizzard-gumicsizma-gyerekeknek-kek\/"]}]},{"@type":"ImageObject","inLanguage":"hu","@id":"https:\/\/vzsbfarm.hu\/index.php\/product\/dunlop-blizzard-gumicsizma-gyerekeknek-kek\/#primaryimage","url":"https:\/\/vzsbfarm.hu\/wp-content\/uploads\/2025\/03\/CIZ21-1-1706884444245.jpg","contentUrl":"https:\/\/vzsbfarm.hu\/wp-content\/uploads\/2025\/03\/CIZ21-1-1706884444245.jpg","width":600,"height":600},{"@type":"BreadcrumbList","@id":"https:\/\/vzsbfarm.hu\/index.php\/product\/dunlop-blizzard-gumicsizma-gyerekeknek-kek\/#breadcrumb","itemListElement":[{"@type":"ListItem","position":1,"name":"Kezd\u0151lap","item":"https:\/\/vzsbfarm.hu\/"},{"@type":"ListItem","position":2,"name":"Shop","item":"https:\/\/vzsbfarm.hu\/index.php\/shop-2\/"},{"@type":"ListItem","position":3,"name":"Dunlop Blizzard gumicsizma gyerekeknek, k\u00e9k"}]},{"@type":"WebSite","@id":"https:\/\/vzsbfarm.hu\/#website","url":"https:\/\/vzsbfarm.hu\/","name":"VZSBFarm.hu","description":"","publisher":{"@id":"https:\/\/vzsbfarm.hu\/#organization"},"potentialAction":[{"@type":"SearchAction","target":{"@type":"EntryPoint","urlTemplate":"https:\/\/vzsbfarm.hu\/?s={search_term_string}"},"query-input":{"@type":"PropertyValueSpecification","valueRequired":true,"valueName":"search_term_string"}}],"inLanguage":"hu"},{"@type":"Organization","@id":"https:\/\/vzsbfarm.hu\/#organization","name":"vzsbfarm.hu","url":"https:\/\/vzsbfarm.hu\/","logo":{"@type":"ImageObject","inLanguage":"hu","@id":"https:\/\/vzsbfarm.hu\/#\/schema\/logo\/image\/","url":"https:\/\/vzsbfarm.hu\/wp-content\/uploads\/2025\/03\/vzsbfarm.png","contentUrl":"https:\/\/vzsbfarm.hu\/wp-content\/uploads\/2025\/03\/vzsbfarm.png","width":1295,"height":118,"caption":"vzsbfarm.hu"},"image":{"@id":"https:\/\/vzsbfarm.hu\/#\/schema\/logo\/image\/"}}]}},"_links":{"self":[{"href":"https:\/\/vzsbfarm.hu\/index.php\/wp-json\/wp\/v2\/product\/15039","targetHints":{"allow":["GET"]}}],"collection":[{"href":"https:\/\/vzsbfarm.hu\/index.php\/wp-json\/wp\/v2\/product"}],"about":[{"href":"https:\/\/vzsbfarm.hu\/index.php\/wp-json\/wp\/v2\/types\/product"}],"wp:featuredmedia":[{"embeddable":true,"href":"https:\/\/vzsbfarm.hu\/index.php\/wp-json\/wp\/v2\/media\/15040"}],"wp:attachment":[{"href":"https:\/\/vzsbfarm.hu\/index.php\/wp-json\/wp\/v2\/media?parent=15039"}],"wp:term":[{"taxonomy":"product_brand","embeddable":true,"href":"https:\/\/vzsbfarm.hu\/index.php\/wp-json\/wp\/v2\/product_brand?post=15039"},{"taxonomy":"product_cat","embeddable":true,"href":"https:\/\/vzsbfarm.hu\/index.php\/wp-json\/wp\/v2\/product_cat?post=15039"},{"taxonomy":"product_tag","embeddable":true,"href":"https:\/\/vzsbfarm.hu\/index.php\/wp-json\/wp\/v2\/product_tag?post=15039"}],"curies":[{"name":"wp","href":"https:\/\/api.w.org\/{rel}","templated":true}]}}