{"id":15559,"date":"2025-12-19T14:19:58","date_gmt":"2025-12-19T13:19:58","guid":{"rendered":"https:\/\/vzsbfarm.hu\/index.php\/product\/d-fence-101-1001-lathatatlan-kutyakerites-keszlet\/"},"modified":"2026-05-05T04:25:41","modified_gmt":"2026-05-05T02:25:41","slug":"d-fence-101-1001-lathatatlan-kutyakerites-keszlet","status":"publish","type":"product","link":"https:\/\/vzsbfarm.hu\/index.php\/product\/d-fence-101-1001-lathatatlan-kutyakerites-keszlet\/","title":{"rendered":"D-Fence 101\/1001 l\u00e1thatatlan kutyaker\u00edt\u00e9s k\u00e9szlet"},"content":{"rendered":"<p>D-Fence 101\/1001 l\u00e1thatatlan villanyp\u00e1sztor kuty\u00e1knak \u2013 8 fokozat, v\u00edz\u00e1ll\u00f3 nyak\u00f6rv, ISIT zavar\u00e9rz\u00e9kel\u00e9s, ak\u00e1r 9 hekt\u00e1r lefedetts\u00e9g.<\/p>\n","protected":false},"excerpt":{"rendered":"<p>D-Fence 101\/1001 l\u00e1thatatlan villanyp\u00e1sztor kuty\u00e1knak \u2013 8 fokozat, v\u00edz\u00e1ll\u00f3 nyak\u00f6rv, ISIT zavar\u00e9rz\u00e9kel\u00e9s, ak\u00e1r 9 hekt\u00e1r lefedetts\u00e9g.<\/p>\n","protected":false},"featured_media":15560,"template":"","meta":[],"product_brand":[],"product_cat":[190],"product_tag":[],"class_list":{"0":"post-15559","1":"product","2":"type-product","3":"status-publish","4":"has-post-thumbnail","6":"product_cat-villanypasztor-csomagok","8":"first","9":"instock","10":"shipping-taxable","11":"purchasable","12":"product-type-simple"},"yoast_head":"<!-- This site is optimized with the Yoast SEO plugin v24.7 - https:\/\/yoast.com\/wordpress\/plugins\/seo\/ -->\n<title>D-Fence 101\/1001 l\u00e1thatatlan kutyaker\u00edt\u00e9s k\u00e9szlet - vzsbfarm.hu<\/title>\n<meta name=\"robots\" content=\"index, follow, max-snippet:-1, max-image-preview:large, max-video-preview:-1\" \/>\n<link rel=\"canonical\" href=\"https:\/\/vzsbfarm.hu\/index.php\/product\/d-fence-101-1001-lathatatlan-kutyakerites-keszlet\/\" \/>\n<meta property=\"og:locale\" content=\"hu_HU\" \/>\n<meta property=\"og:type\" content=\"article\" \/>\n<meta property=\"og:title\" content=\"D-Fence 101\/1001 l\u00e1thatatlan kutyaker\u00edt\u00e9s k\u00e9szlet - vzsbfarm.hu\" \/>\n<meta property=\"og:description\" content=\"D-Fence 101\/1001 l\u00e1thatatlan villanyp\u00e1sztor kuty\u00e1knak \u2013 8 fokozat, v\u00edz\u00e1ll\u00f3 nyak\u00f6rv, ISIT zavar\u00e9rz\u00e9kel\u00e9s, ak\u00e1r 9 hekt\u00e1r lefedetts\u00e9g.\" \/>\n<meta property=\"og:url\" content=\"https:\/\/vzsbfarm.hu\/index.php\/product\/d-fence-101-1001-lathatatlan-kutyakerites-keszlet\/\" \/>\n<meta property=\"og:site_name\" content=\"vzsbfarm.hu\" \/>\n<meta property=\"article:modified_time\" content=\"2026-05-05T02:25:41+00:00\" \/>\n<meta property=\"og:image\" content=\"https:\/\/vzsbfarm.hu\/wp-content\/uploads\/2025\/12\/gard-electronic-invizibil-d-fence-101-1761200394073.jpg\" \/>\n\t<meta property=\"og:image:width\" content=\"600\" \/>\n\t<meta property=\"og:image:height\" content=\"600\" \/>\n\t<meta property=\"og:image:type\" content=\"image\/jpeg\" \/>\n<meta name=\"twitter:card\" content=\"summary_large_image\" \/>\n<script type=\"application\/ld+json\" class=\"yoast-schema-graph\">{\"@context\":\"https:\/\/schema.org\",\"@graph\":[{\"@type\":\"WebPage\",\"@id\":\"https:\/\/vzsbfarm.hu\/index.php\/product\/d-fence-101-1001-lathatatlan-kutyakerites-keszlet\/\",\"url\":\"https:\/\/vzsbfarm.hu\/index.php\/product\/d-fence-101-1001-lathatatlan-kutyakerites-keszlet\/\",\"name\":\"D-Fence 101\/1001 l\u00e1thatatlan kutyaker\u00edt\u00e9s k\u00e9szlet - vzsbfarm.hu\",\"isPartOf\":{\"@id\":\"https:\/\/vzsbfarm.hu\/#website\"},\"primaryImageOfPage\":{\"@id\":\"https:\/\/vzsbfarm.hu\/index.php\/product\/d-fence-101-1001-lathatatlan-kutyakerites-keszlet\/#primaryimage\"},\"image\":{\"@id\":\"https:\/\/vzsbfarm.hu\/index.php\/product\/d-fence-101-1001-lathatatlan-kutyakerites-keszlet\/#primaryimage\"},\"thumbnailUrl\":\"https:\/\/vzsbfarm.hu\/wp-content\/uploads\/2025\/12\/gard-electronic-invizibil-d-fence-101-1761200394073.jpg\",\"datePublished\":\"2025-12-19T13:19:58+00:00\",\"dateModified\":\"2026-05-05T02:25:41+00:00\",\"breadcrumb\":{\"@id\":\"https:\/\/vzsbfarm.hu\/index.php\/product\/d-fence-101-1001-lathatatlan-kutyakerites-keszlet\/#breadcrumb\"},\"inLanguage\":\"hu\",\"potentialAction\":[{\"@type\":\"ReadAction\",\"target\":[\"https:\/\/vzsbfarm.hu\/index.php\/product\/d-fence-101-1001-lathatatlan-kutyakerites-keszlet\/\"]}]},{\"@type\":\"ImageObject\",\"inLanguage\":\"hu\",\"@id\":\"https:\/\/vzsbfarm.hu\/index.php\/product\/d-fence-101-1001-lathatatlan-kutyakerites-keszlet\/#primaryimage\",\"url\":\"https:\/\/vzsbfarm.hu\/wp-content\/uploads\/2025\/12\/gard-electronic-invizibil-d-fence-101-1761200394073.jpg\",\"contentUrl\":\"https:\/\/vzsbfarm.hu\/wp-content\/uploads\/2025\/12\/gard-electronic-invizibil-d-fence-101-1761200394073.jpg\",\"width\":600,\"height\":600},{\"@type\":\"BreadcrumbList\",\"@id\":\"https:\/\/vzsbfarm.hu\/index.php\/product\/d-fence-101-1001-lathatatlan-kutyakerites-keszlet\/#breadcrumb\",\"itemListElement\":[{\"@type\":\"ListItem\",\"position\":1,\"name\":\"Kezd\u0151lap\",\"item\":\"https:\/\/vzsbfarm.hu\/\"},{\"@type\":\"ListItem\",\"position\":2,\"name\":\"Shop\",\"item\":\"https:\/\/vzsbfarm.hu\/index.php\/shop-2\/\"},{\"@type\":\"ListItem\",\"position\":3,\"name\":\"D-Fence 101\/1001 l\u00e1thatatlan kutyaker\u00edt\u00e9s k\u00e9szlet\"}]},{\"@type\":\"WebSite\",\"@id\":\"https:\/\/vzsbfarm.hu\/#website\",\"url\":\"https:\/\/vzsbfarm.hu\/\",\"name\":\"VZSBFarm.hu\",\"description\":\"\",\"publisher\":{\"@id\":\"https:\/\/vzsbfarm.hu\/#organization\"},\"potentialAction\":[{\"@type\":\"SearchAction\",\"target\":{\"@type\":\"EntryPoint\",\"urlTemplate\":\"https:\/\/vzsbfarm.hu\/?s={search_term_string}\"},\"query-input\":{\"@type\":\"PropertyValueSpecification\",\"valueRequired\":true,\"valueName\":\"search_term_string\"}}],\"inLanguage\":\"hu\"},{\"@type\":\"Organization\",\"@id\":\"https:\/\/vzsbfarm.hu\/#organization\",\"name\":\"vzsbfarm.hu\",\"url\":\"https:\/\/vzsbfarm.hu\/\",\"logo\":{\"@type\":\"ImageObject\",\"inLanguage\":\"hu\",\"@id\":\"https:\/\/vzsbfarm.hu\/#\/schema\/logo\/image\/\",\"url\":\"https:\/\/vzsbfarm.hu\/wp-content\/uploads\/2025\/03\/vzsbfarm.png\",\"contentUrl\":\"https:\/\/vzsbfarm.hu\/wp-content\/uploads\/2025\/03\/vzsbfarm.png\",\"width\":1295,\"height\":118,\"caption\":\"vzsbfarm.hu\"},\"image\":{\"@id\":\"https:\/\/vzsbfarm.hu\/#\/schema\/logo\/image\/\"}}]}<\/script>\n<!-- \/ Yoast SEO plugin. -->","yoast_head_json":{"title":"D-Fence 101\/1001 l\u00e1thatatlan kutyaker\u00edt\u00e9s k\u00e9szlet - vzsbfarm.hu","robots":{"index":"index","follow":"follow","max-snippet":"max-snippet:-1","max-image-preview":"max-image-preview:large","max-video-preview":"max-video-preview:-1"},"canonical":"https:\/\/vzsbfarm.hu\/index.php\/product\/d-fence-101-1001-lathatatlan-kutyakerites-keszlet\/","og_locale":"hu_HU","og_type":"article","og_title":"D-Fence 101\/1001 l\u00e1thatatlan kutyaker\u00edt\u00e9s k\u00e9szlet - vzsbfarm.hu","og_description":"D-Fence 101\/1001 l\u00e1thatatlan villanyp\u00e1sztor kuty\u00e1knak \u2013 8 fokozat, v\u00edz\u00e1ll\u00f3 nyak\u00f6rv, ISIT zavar\u00e9rz\u00e9kel\u00e9s, ak\u00e1r 9 hekt\u00e1r lefedetts\u00e9g.","og_url":"https:\/\/vzsbfarm.hu\/index.php\/product\/d-fence-101-1001-lathatatlan-kutyakerites-keszlet\/","og_site_name":"vzsbfarm.hu","article_modified_time":"2026-05-05T02:25:41+00:00","og_image":[{"width":600,"height":600,"url":"https:\/\/vzsbfarm.hu\/wp-content\/uploads\/2025\/12\/gard-electronic-invizibil-d-fence-101-1761200394073.jpg","type":"image\/jpeg"}],"twitter_card":"summary_large_image","schema":{"@context":"https:\/\/schema.org","@graph":[{"@type":"WebPage","@id":"https:\/\/vzsbfarm.hu\/index.php\/product\/d-fence-101-1001-lathatatlan-kutyakerites-keszlet\/","url":"https:\/\/vzsbfarm.hu\/index.php\/product\/d-fence-101-1001-lathatatlan-kutyakerites-keszlet\/","name":"D-Fence 101\/1001 l\u00e1thatatlan kutyaker\u00edt\u00e9s k\u00e9szlet - vzsbfarm.hu","isPartOf":{"@id":"https:\/\/vzsbfarm.hu\/#website"},"primaryImageOfPage":{"@id":"https:\/\/vzsbfarm.hu\/index.php\/product\/d-fence-101-1001-lathatatlan-kutyakerites-keszlet\/#primaryimage"},"image":{"@id":"https:\/\/vzsbfarm.hu\/index.php\/product\/d-fence-101-1001-lathatatlan-kutyakerites-keszlet\/#primaryimage"},"thumbnailUrl":"https:\/\/vzsbfarm.hu\/wp-content\/uploads\/2025\/12\/gard-electronic-invizibil-d-fence-101-1761200394073.jpg","datePublished":"2025-12-19T13:19:58+00:00","dateModified":"2026-05-05T02:25:41+00:00","breadcrumb":{"@id":"https:\/\/vzsbfarm.hu\/index.php\/product\/d-fence-101-1001-lathatatlan-kutyakerites-keszlet\/#breadcrumb"},"inLanguage":"hu","potentialAction":[{"@type":"ReadAction","target":["https:\/\/vzsbfarm.hu\/index.php\/product\/d-fence-101-1001-lathatatlan-kutyakerites-keszlet\/"]}]},{"@type":"ImageObject","inLanguage":"hu","@id":"https:\/\/vzsbfarm.hu\/index.php\/product\/d-fence-101-1001-lathatatlan-kutyakerites-keszlet\/#primaryimage","url":"https:\/\/vzsbfarm.hu\/wp-content\/uploads\/2025\/12\/gard-electronic-invizibil-d-fence-101-1761200394073.jpg","contentUrl":"https:\/\/vzsbfarm.hu\/wp-content\/uploads\/2025\/12\/gard-electronic-invizibil-d-fence-101-1761200394073.jpg","width":600,"height":600},{"@type":"BreadcrumbList","@id":"https:\/\/vzsbfarm.hu\/index.php\/product\/d-fence-101-1001-lathatatlan-kutyakerites-keszlet\/#breadcrumb","itemListElement":[{"@type":"ListItem","position":1,"name":"Kezd\u0151lap","item":"https:\/\/vzsbfarm.hu\/"},{"@type":"ListItem","position":2,"name":"Shop","item":"https:\/\/vzsbfarm.hu\/index.php\/shop-2\/"},{"@type":"ListItem","position":3,"name":"D-Fence 101\/1001 l\u00e1thatatlan kutyaker\u00edt\u00e9s k\u00e9szlet"}]},{"@type":"WebSite","@id":"https:\/\/vzsbfarm.hu\/#website","url":"https:\/\/vzsbfarm.hu\/","name":"VZSBFarm.hu","description":"","publisher":{"@id":"https:\/\/vzsbfarm.hu\/#organization"},"potentialAction":[{"@type":"SearchAction","target":{"@type":"EntryPoint","urlTemplate":"https:\/\/vzsbfarm.hu\/?s={search_term_string}"},"query-input":{"@type":"PropertyValueSpecification","valueRequired":true,"valueName":"search_term_string"}}],"inLanguage":"hu"},{"@type":"Organization","@id":"https:\/\/vzsbfarm.hu\/#organization","name":"vzsbfarm.hu","url":"https:\/\/vzsbfarm.hu\/","logo":{"@type":"ImageObject","inLanguage":"hu","@id":"https:\/\/vzsbfarm.hu\/#\/schema\/logo\/image\/","url":"https:\/\/vzsbfarm.hu\/wp-content\/uploads\/2025\/03\/vzsbfarm.png","contentUrl":"https:\/\/vzsbfarm.hu\/wp-content\/uploads\/2025\/03\/vzsbfarm.png","width":1295,"height":118,"caption":"vzsbfarm.hu"},"image":{"@id":"https:\/\/vzsbfarm.hu\/#\/schema\/logo\/image\/"}}]}},"_links":{"self":[{"href":"https:\/\/vzsbfarm.hu\/index.php\/wp-json\/wp\/v2\/product\/15559","targetHints":{"allow":["GET"]}}],"collection":[{"href":"https:\/\/vzsbfarm.hu\/index.php\/wp-json\/wp\/v2\/product"}],"about":[{"href":"https:\/\/vzsbfarm.hu\/index.php\/wp-json\/wp\/v2\/types\/product"}],"wp:featuredmedia":[{"embeddable":true,"href":"https:\/\/vzsbfarm.hu\/index.php\/wp-json\/wp\/v2\/media\/15560"}],"wp:attachment":[{"href":"https:\/\/vzsbfarm.hu\/index.php\/wp-json\/wp\/v2\/media?parent=15559"}],"wp:term":[{"taxonomy":"product_brand","embeddable":true,"href":"https:\/\/vzsbfarm.hu\/index.php\/wp-json\/wp\/v2\/product_brand?post=15559"},{"taxonomy":"product_cat","embeddable":true,"href":"https:\/\/vzsbfarm.hu\/index.php\/wp-json\/wp\/v2\/product_cat?post=15559"},{"taxonomy":"product_tag","embeddable":true,"href":"https:\/\/vzsbfarm.hu\/index.php\/wp-json\/wp\/v2\/product_tag?post=15559"}],"curies":[{"name":"wp","href":"https:\/\/api.w.org\/{rel}","templated":true}]}}