{"id":15833,"date":"2025-12-19T14:22:03","date_gmt":"2025-12-19T13:22:03","guid":{"rendered":"https:\/\/vzsbfarm.hu\/index.php\/product\/dunlop-dee-calf-gumicsizma\/"},"modified":"2026-04-17T04:00:59","modified_gmt":"2026-04-17T02:00:59","slug":"dunlop-dee-calf-gumicsizma","status":"publish","type":"product","link":"https:\/\/vzsbfarm.hu\/index.php\/product\/dunlop-dee-calf-gumicsizma\/","title":{"rendered":"Dunlop Dee Calf gumicsizma"},"content":{"rendered":"<p>Dunlop Dee Calf gumicsizma k\u00f6zepes sz\u00e1rmagass\u00e1ggal, v\u00edz\u00e1ll\u00f3 kivitelben, mindennapi mez\u0151gazdas\u00e1gi \u00e9s ipari haszn\u00e1latra.<\/p>\n","protected":false},"excerpt":{"rendered":"<p>Dunlop Dee Calf gumicsizma k\u00f6zepes sz\u00e1rmagass\u00e1ggal, v\u00edz\u00e1ll\u00f3 kivitelben, mindennapi mez\u0151gazdas\u00e1gi \u00e9s ipari haszn\u00e1latra.<\/p>\n","protected":false},"featured_media":15834,"template":"","meta":[],"product_brand":[],"product_cat":[200],"product_tag":[],"class_list":{"0":"post-15833","1":"product","2":"type-product","3":"status-publish","4":"has-post-thumbnail","6":"product_cat-labbeli","8":"first","9":"instock","10":"shipping-taxable","11":"purchasable","12":"product-type-simple"},"yoast_head":"<!-- This site is optimized with the Yoast SEO plugin v24.7 - https:\/\/yoast.com\/wordpress\/plugins\/seo\/ -->\n<title>Dunlop Dee Calf gumicsizma - vzsbfarm.hu<\/title>\n<meta name=\"robots\" content=\"index, follow, max-snippet:-1, max-image-preview:large, max-video-preview:-1\" \/>\n<link rel=\"canonical\" href=\"https:\/\/vzsbfarm.hu\/index.php\/product\/dunlop-dee-calf-gumicsizma\/\" \/>\n<meta property=\"og:locale\" content=\"hu_HU\" \/>\n<meta property=\"og:type\" content=\"article\" \/>\n<meta property=\"og:title\" content=\"Dunlop Dee Calf gumicsizma - vzsbfarm.hu\" \/>\n<meta property=\"og:description\" content=\"Dunlop Dee Calf gumicsizma k\u00f6zepes sz\u00e1rmagass\u00e1ggal, v\u00edz\u00e1ll\u00f3 kivitelben, mindennapi mez\u0151gazdas\u00e1gi \u00e9s ipari haszn\u00e1latra.\" \/>\n<meta property=\"og:url\" content=\"https:\/\/vzsbfarm.hu\/index.php\/product\/dunlop-dee-calf-gumicsizma\/\" \/>\n<meta property=\"og:site_name\" content=\"vzsbfarm.hu\" \/>\n<meta property=\"article:modified_time\" content=\"2026-04-17T02:00:59+00:00\" \/>\n<meta property=\"og:image\" content=\"https:\/\/vzsbfarm.hu\/wp-content\/uploads\/2025\/12\/Cizme-dunlop-dee-calf_2048x2048_nexonfarm.ro_Images-1765888023645.webp\" \/>\n\t<meta property=\"og:image:width\" content=\"1024\" \/>\n\t<meta property=\"og:image:height\" content=\"1024\" \/>\n\t<meta property=\"og:image:type\" content=\"image\/webp\" \/>\n<meta name=\"twitter:card\" content=\"summary_large_image\" \/>\n<script type=\"application\/ld+json\" class=\"yoast-schema-graph\">{\"@context\":\"https:\/\/schema.org\",\"@graph\":[{\"@type\":\"WebPage\",\"@id\":\"https:\/\/vzsbfarm.hu\/index.php\/product\/dunlop-dee-calf-gumicsizma\/\",\"url\":\"https:\/\/vzsbfarm.hu\/index.php\/product\/dunlop-dee-calf-gumicsizma\/\",\"name\":\"Dunlop Dee Calf gumicsizma - vzsbfarm.hu\",\"isPartOf\":{\"@id\":\"https:\/\/vzsbfarm.hu\/#website\"},\"primaryImageOfPage\":{\"@id\":\"https:\/\/vzsbfarm.hu\/index.php\/product\/dunlop-dee-calf-gumicsizma\/#primaryimage\"},\"image\":{\"@id\":\"https:\/\/vzsbfarm.hu\/index.php\/product\/dunlop-dee-calf-gumicsizma\/#primaryimage\"},\"thumbnailUrl\":\"https:\/\/vzsbfarm.hu\/wp-content\/uploads\/2025\/12\/Cizme-dunlop-dee-calf_2048x2048_nexonfarm.ro_Images-1765888023645.webp\",\"datePublished\":\"2025-12-19T13:22:03+00:00\",\"dateModified\":\"2026-04-17T02:00:59+00:00\",\"breadcrumb\":{\"@id\":\"https:\/\/vzsbfarm.hu\/index.php\/product\/dunlop-dee-calf-gumicsizma\/#breadcrumb\"},\"inLanguage\":\"hu\",\"potentialAction\":[{\"@type\":\"ReadAction\",\"target\":[\"https:\/\/vzsbfarm.hu\/index.php\/product\/dunlop-dee-calf-gumicsizma\/\"]}]},{\"@type\":\"ImageObject\",\"inLanguage\":\"hu\",\"@id\":\"https:\/\/vzsbfarm.hu\/index.php\/product\/dunlop-dee-calf-gumicsizma\/#primaryimage\",\"url\":\"https:\/\/vzsbfarm.hu\/wp-content\/uploads\/2025\/12\/Cizme-dunlop-dee-calf_2048x2048_nexonfarm.ro_Images-1765888023645.webp\",\"contentUrl\":\"https:\/\/vzsbfarm.hu\/wp-content\/uploads\/2025\/12\/Cizme-dunlop-dee-calf_2048x2048_nexonfarm.ro_Images-1765888023645.webp\",\"width\":1024,\"height\":1024},{\"@type\":\"BreadcrumbList\",\"@id\":\"https:\/\/vzsbfarm.hu\/index.php\/product\/dunlop-dee-calf-gumicsizma\/#breadcrumb\",\"itemListElement\":[{\"@type\":\"ListItem\",\"position\":1,\"name\":\"Kezd\u0151lap\",\"item\":\"https:\/\/vzsbfarm.hu\/\"},{\"@type\":\"ListItem\",\"position\":2,\"name\":\"Shop\",\"item\":\"https:\/\/vzsbfarm.hu\/index.php\/shop-2\/\"},{\"@type\":\"ListItem\",\"position\":3,\"name\":\"Dunlop Dee Calf gumicsizma\"}]},{\"@type\":\"WebSite\",\"@id\":\"https:\/\/vzsbfarm.hu\/#website\",\"url\":\"https:\/\/vzsbfarm.hu\/\",\"name\":\"VZSBFarm.hu\",\"description\":\"\",\"publisher\":{\"@id\":\"https:\/\/vzsbfarm.hu\/#organization\"},\"potentialAction\":[{\"@type\":\"SearchAction\",\"target\":{\"@type\":\"EntryPoint\",\"urlTemplate\":\"https:\/\/vzsbfarm.hu\/?s={search_term_string}\"},\"query-input\":{\"@type\":\"PropertyValueSpecification\",\"valueRequired\":true,\"valueName\":\"search_term_string\"}}],\"inLanguage\":\"hu\"},{\"@type\":\"Organization\",\"@id\":\"https:\/\/vzsbfarm.hu\/#organization\",\"name\":\"vzsbfarm.hu\",\"url\":\"https:\/\/vzsbfarm.hu\/\",\"logo\":{\"@type\":\"ImageObject\",\"inLanguage\":\"hu\",\"@id\":\"https:\/\/vzsbfarm.hu\/#\/schema\/logo\/image\/\",\"url\":\"https:\/\/vzsbfarm.hu\/wp-content\/uploads\/2025\/03\/vzsbfarm.png\",\"contentUrl\":\"https:\/\/vzsbfarm.hu\/wp-content\/uploads\/2025\/03\/vzsbfarm.png\",\"width\":1295,\"height\":118,\"caption\":\"vzsbfarm.hu\"},\"image\":{\"@id\":\"https:\/\/vzsbfarm.hu\/#\/schema\/logo\/image\/\"}}]}<\/script>\n<!-- \/ Yoast SEO plugin. -->","yoast_head_json":{"title":"Dunlop Dee Calf gumicsizma - vzsbfarm.hu","robots":{"index":"index","follow":"follow","max-snippet":"max-snippet:-1","max-image-preview":"max-image-preview:large","max-video-preview":"max-video-preview:-1"},"canonical":"https:\/\/vzsbfarm.hu\/index.php\/product\/dunlop-dee-calf-gumicsizma\/","og_locale":"hu_HU","og_type":"article","og_title":"Dunlop Dee Calf gumicsizma - vzsbfarm.hu","og_description":"Dunlop Dee Calf gumicsizma k\u00f6zepes sz\u00e1rmagass\u00e1ggal, v\u00edz\u00e1ll\u00f3 kivitelben, mindennapi mez\u0151gazdas\u00e1gi \u00e9s ipari haszn\u00e1latra.","og_url":"https:\/\/vzsbfarm.hu\/index.php\/product\/dunlop-dee-calf-gumicsizma\/","og_site_name":"vzsbfarm.hu","article_modified_time":"2026-04-17T02:00:59+00:00","og_image":[{"width":1024,"height":1024,"url":"https:\/\/vzsbfarm.hu\/wp-content\/uploads\/2025\/12\/Cizme-dunlop-dee-calf_2048x2048_nexonfarm.ro_Images-1765888023645.webp","type":"image\/webp"}],"twitter_card":"summary_large_image","schema":{"@context":"https:\/\/schema.org","@graph":[{"@type":"WebPage","@id":"https:\/\/vzsbfarm.hu\/index.php\/product\/dunlop-dee-calf-gumicsizma\/","url":"https:\/\/vzsbfarm.hu\/index.php\/product\/dunlop-dee-calf-gumicsizma\/","name":"Dunlop Dee Calf gumicsizma - vzsbfarm.hu","isPartOf":{"@id":"https:\/\/vzsbfarm.hu\/#website"},"primaryImageOfPage":{"@id":"https:\/\/vzsbfarm.hu\/index.php\/product\/dunlop-dee-calf-gumicsizma\/#primaryimage"},"image":{"@id":"https:\/\/vzsbfarm.hu\/index.php\/product\/dunlop-dee-calf-gumicsizma\/#primaryimage"},"thumbnailUrl":"https:\/\/vzsbfarm.hu\/wp-content\/uploads\/2025\/12\/Cizme-dunlop-dee-calf_2048x2048_nexonfarm.ro_Images-1765888023645.webp","datePublished":"2025-12-19T13:22:03+00:00","dateModified":"2026-04-17T02:00:59+00:00","breadcrumb":{"@id":"https:\/\/vzsbfarm.hu\/index.php\/product\/dunlop-dee-calf-gumicsizma\/#breadcrumb"},"inLanguage":"hu","potentialAction":[{"@type":"ReadAction","target":["https:\/\/vzsbfarm.hu\/index.php\/product\/dunlop-dee-calf-gumicsizma\/"]}]},{"@type":"ImageObject","inLanguage":"hu","@id":"https:\/\/vzsbfarm.hu\/index.php\/product\/dunlop-dee-calf-gumicsizma\/#primaryimage","url":"https:\/\/vzsbfarm.hu\/wp-content\/uploads\/2025\/12\/Cizme-dunlop-dee-calf_2048x2048_nexonfarm.ro_Images-1765888023645.webp","contentUrl":"https:\/\/vzsbfarm.hu\/wp-content\/uploads\/2025\/12\/Cizme-dunlop-dee-calf_2048x2048_nexonfarm.ro_Images-1765888023645.webp","width":1024,"height":1024},{"@type":"BreadcrumbList","@id":"https:\/\/vzsbfarm.hu\/index.php\/product\/dunlop-dee-calf-gumicsizma\/#breadcrumb","itemListElement":[{"@type":"ListItem","position":1,"name":"Kezd\u0151lap","item":"https:\/\/vzsbfarm.hu\/"},{"@type":"ListItem","position":2,"name":"Shop","item":"https:\/\/vzsbfarm.hu\/index.php\/shop-2\/"},{"@type":"ListItem","position":3,"name":"Dunlop Dee Calf gumicsizma"}]},{"@type":"WebSite","@id":"https:\/\/vzsbfarm.hu\/#website","url":"https:\/\/vzsbfarm.hu\/","name":"VZSBFarm.hu","description":"","publisher":{"@id":"https:\/\/vzsbfarm.hu\/#organization"},"potentialAction":[{"@type":"SearchAction","target":{"@type":"EntryPoint","urlTemplate":"https:\/\/vzsbfarm.hu\/?s={search_term_string}"},"query-input":{"@type":"PropertyValueSpecification","valueRequired":true,"valueName":"search_term_string"}}],"inLanguage":"hu"},{"@type":"Organization","@id":"https:\/\/vzsbfarm.hu\/#organization","name":"vzsbfarm.hu","url":"https:\/\/vzsbfarm.hu\/","logo":{"@type":"ImageObject","inLanguage":"hu","@id":"https:\/\/vzsbfarm.hu\/#\/schema\/logo\/image\/","url":"https:\/\/vzsbfarm.hu\/wp-content\/uploads\/2025\/03\/vzsbfarm.png","contentUrl":"https:\/\/vzsbfarm.hu\/wp-content\/uploads\/2025\/03\/vzsbfarm.png","width":1295,"height":118,"caption":"vzsbfarm.hu"},"image":{"@id":"https:\/\/vzsbfarm.hu\/#\/schema\/logo\/image\/"}}]}},"_links":{"self":[{"href":"https:\/\/vzsbfarm.hu\/index.php\/wp-json\/wp\/v2\/product\/15833","targetHints":{"allow":["GET"]}}],"collection":[{"href":"https:\/\/vzsbfarm.hu\/index.php\/wp-json\/wp\/v2\/product"}],"about":[{"href":"https:\/\/vzsbfarm.hu\/index.php\/wp-json\/wp\/v2\/types\/product"}],"wp:featuredmedia":[{"embeddable":true,"href":"https:\/\/vzsbfarm.hu\/index.php\/wp-json\/wp\/v2\/media\/15834"}],"wp:attachment":[{"href":"https:\/\/vzsbfarm.hu\/index.php\/wp-json\/wp\/v2\/media?parent=15833"}],"wp:term":[{"taxonomy":"product_brand","embeddable":true,"href":"https:\/\/vzsbfarm.hu\/index.php\/wp-json\/wp\/v2\/product_brand?post=15833"},{"taxonomy":"product_cat","embeddable":true,"href":"https:\/\/vzsbfarm.hu\/index.php\/wp-json\/wp\/v2\/product_cat?post=15833"},{"taxonomy":"product_tag","embeddable":true,"href":"https:\/\/vzsbfarm.hu\/index.php\/wp-json\/wp\/v2\/product_tag?post=15833"}],"curies":[{"name":"wp","href":"https:\/\/api.w.org\/{rel}","templated":true}]}}