{"id":16344,"date":"2026-04-15T04:07:08","date_gmt":"2026-04-15T02:07:08","guid":{"rendered":"https:\/\/vzsbfarm.hu\/index.php\/product\/nora-idro-high-munkacsizma\/"},"modified":"2026-04-17T04:00:54","modified_gmt":"2026-04-17T02:00:54","slug":"nora-idro-high-munkacsizma","status":"publish","type":"product","link":"https:\/\/vzsbfarm.hu\/index.php\/product\/nora-idro-high-munkacsizma\/","title":{"rendered":"Nora IDRO HIGH munkacsizma"},"content":{"rendered":"<p>Nora IDRO HIGH munkacsizma: strapab\u00edr\u00f3, 100% v\u00edz\u00e1ll\u00f3, -30\u00b0C-ig rugalmas. Ide\u00e1lis mez\u0151gazdas\u00e1gba \u00e9s ipari haszn\u00e1latra.<\/p>\n","protected":false},"excerpt":{"rendered":"<p>Nora IDRO HIGH munkacsizma: strapab\u00edr\u00f3, 100% v\u00edz\u00e1ll\u00f3, -30\u00b0C-ig rugalmas. Ide\u00e1lis mez\u0151gazdas\u00e1gba \u00e9s ipari haszn\u00e1latra.<\/p>\n","protected":false},"featured_media":16345,"template":"","meta":[],"product_brand":[],"product_cat":[200],"product_tag":[],"class_list":{"0":"post-16344","1":"product","2":"type-product","3":"status-publish","4":"has-post-thumbnail","6":"product_cat-labbeli","8":"first","9":"instock","10":"shipping-taxable","11":"purchasable","12":"product-type-simple"},"yoast_head":"<!-- This site is optimized with the Yoast SEO plugin v24.7 - https:\/\/yoast.com\/wordpress\/plugins\/seo\/ -->\n<title>Nora IDRO HIGH munkacsizma - vzsbfarm.hu<\/title>\n<meta name=\"robots\" content=\"index, follow, max-snippet:-1, max-image-preview:large, max-video-preview:-1\" \/>\n<link rel=\"canonical\" href=\"https:\/\/vzsbfarm.hu\/index.php\/product\/nora-idro-high-munkacsizma\/\" \/>\n<meta property=\"og:locale\" content=\"hu_HU\" \/>\n<meta property=\"og:type\" content=\"article\" \/>\n<meta property=\"og:title\" content=\"Nora IDRO HIGH munkacsizma - vzsbfarm.hu\" \/>\n<meta property=\"og:description\" content=\"Nora IDRO HIGH munkacsizma: strapab\u00edr\u00f3, 100% v\u00edz\u00e1ll\u00f3, -30\u00b0C-ig rugalmas. Ide\u00e1lis mez\u0151gazdas\u00e1gba \u00e9s ipari haszn\u00e1latra.\" \/>\n<meta property=\"og:url\" content=\"https:\/\/vzsbfarm.hu\/index.php\/product\/nora-idro-high-munkacsizma\/\" \/>\n<meta property=\"og:site_name\" content=\"vzsbfarm.hu\" \/>\n<meta property=\"article:modified_time\" content=\"2026-04-17T02:00:54+00:00\" \/>\n<meta property=\"og:image\" content=\"https:\/\/vzsbfarm.hu\/wp-content\/uploads\/2026\/04\/Cizme-lucru-nora-idro-high_2048x2048_nexonfarm.ro_Images-1763469687889.webp\" \/>\n\t<meta property=\"og:image:width\" content=\"838\" \/>\n\t<meta property=\"og:image:height\" content=\"838\" \/>\n\t<meta property=\"og:image:type\" content=\"image\/webp\" \/>\n<meta name=\"twitter:card\" content=\"summary_large_image\" \/>\n<script type=\"application\/ld+json\" class=\"yoast-schema-graph\">{\"@context\":\"https:\/\/schema.org\",\"@graph\":[{\"@type\":\"WebPage\",\"@id\":\"https:\/\/vzsbfarm.hu\/index.php\/product\/nora-idro-high-munkacsizma\/\",\"url\":\"https:\/\/vzsbfarm.hu\/index.php\/product\/nora-idro-high-munkacsizma\/\",\"name\":\"Nora IDRO HIGH munkacsizma - vzsbfarm.hu\",\"isPartOf\":{\"@id\":\"https:\/\/vzsbfarm.hu\/#website\"},\"primaryImageOfPage\":{\"@id\":\"https:\/\/vzsbfarm.hu\/index.php\/product\/nora-idro-high-munkacsizma\/#primaryimage\"},\"image\":{\"@id\":\"https:\/\/vzsbfarm.hu\/index.php\/product\/nora-idro-high-munkacsizma\/#primaryimage\"},\"thumbnailUrl\":\"https:\/\/vzsbfarm.hu\/wp-content\/uploads\/2026\/04\/Cizme-lucru-nora-idro-high_2048x2048_nexonfarm.ro_Images-1763469687889.webp\",\"datePublished\":\"2026-04-15T02:07:08+00:00\",\"dateModified\":\"2026-04-17T02:00:54+00:00\",\"breadcrumb\":{\"@id\":\"https:\/\/vzsbfarm.hu\/index.php\/product\/nora-idro-high-munkacsizma\/#breadcrumb\"},\"inLanguage\":\"hu\",\"potentialAction\":[{\"@type\":\"ReadAction\",\"target\":[\"https:\/\/vzsbfarm.hu\/index.php\/product\/nora-idro-high-munkacsizma\/\"]}]},{\"@type\":\"ImageObject\",\"inLanguage\":\"hu\",\"@id\":\"https:\/\/vzsbfarm.hu\/index.php\/product\/nora-idro-high-munkacsizma\/#primaryimage\",\"url\":\"https:\/\/vzsbfarm.hu\/wp-content\/uploads\/2026\/04\/Cizme-lucru-nora-idro-high_2048x2048_nexonfarm.ro_Images-1763469687889.webp\",\"contentUrl\":\"https:\/\/vzsbfarm.hu\/wp-content\/uploads\/2026\/04\/Cizme-lucru-nora-idro-high_2048x2048_nexonfarm.ro_Images-1763469687889.webp\",\"width\":838,\"height\":838},{\"@type\":\"BreadcrumbList\",\"@id\":\"https:\/\/vzsbfarm.hu\/index.php\/product\/nora-idro-high-munkacsizma\/#breadcrumb\",\"itemListElement\":[{\"@type\":\"ListItem\",\"position\":1,\"name\":\"Kezd\u0151lap\",\"item\":\"https:\/\/vzsbfarm.hu\/\"},{\"@type\":\"ListItem\",\"position\":2,\"name\":\"Shop\",\"item\":\"https:\/\/vzsbfarm.hu\/index.php\/shop-2\/\"},{\"@type\":\"ListItem\",\"position\":3,\"name\":\"Nora IDRO HIGH munkacsizma\"}]},{\"@type\":\"WebSite\",\"@id\":\"https:\/\/vzsbfarm.hu\/#website\",\"url\":\"https:\/\/vzsbfarm.hu\/\",\"name\":\"VZSBFarm.hu\",\"description\":\"\",\"publisher\":{\"@id\":\"https:\/\/vzsbfarm.hu\/#organization\"},\"potentialAction\":[{\"@type\":\"SearchAction\",\"target\":{\"@type\":\"EntryPoint\",\"urlTemplate\":\"https:\/\/vzsbfarm.hu\/?s={search_term_string}\"},\"query-input\":{\"@type\":\"PropertyValueSpecification\",\"valueRequired\":true,\"valueName\":\"search_term_string\"}}],\"inLanguage\":\"hu\"},{\"@type\":\"Organization\",\"@id\":\"https:\/\/vzsbfarm.hu\/#organization\",\"name\":\"vzsbfarm.hu\",\"url\":\"https:\/\/vzsbfarm.hu\/\",\"logo\":{\"@type\":\"ImageObject\",\"inLanguage\":\"hu\",\"@id\":\"https:\/\/vzsbfarm.hu\/#\/schema\/logo\/image\/\",\"url\":\"https:\/\/vzsbfarm.hu\/wp-content\/uploads\/2025\/03\/vzsbfarm.png\",\"contentUrl\":\"https:\/\/vzsbfarm.hu\/wp-content\/uploads\/2025\/03\/vzsbfarm.png\",\"width\":1295,\"height\":118,\"caption\":\"vzsbfarm.hu\"},\"image\":{\"@id\":\"https:\/\/vzsbfarm.hu\/#\/schema\/logo\/image\/\"}}]}<\/script>\n<!-- \/ Yoast SEO plugin. -->","yoast_head_json":{"title":"Nora IDRO HIGH munkacsizma - vzsbfarm.hu","robots":{"index":"index","follow":"follow","max-snippet":"max-snippet:-1","max-image-preview":"max-image-preview:large","max-video-preview":"max-video-preview:-1"},"canonical":"https:\/\/vzsbfarm.hu\/index.php\/product\/nora-idro-high-munkacsizma\/","og_locale":"hu_HU","og_type":"article","og_title":"Nora IDRO HIGH munkacsizma - vzsbfarm.hu","og_description":"Nora IDRO HIGH munkacsizma: strapab\u00edr\u00f3, 100% v\u00edz\u00e1ll\u00f3, -30\u00b0C-ig rugalmas. Ide\u00e1lis mez\u0151gazdas\u00e1gba \u00e9s ipari haszn\u00e1latra.","og_url":"https:\/\/vzsbfarm.hu\/index.php\/product\/nora-idro-high-munkacsizma\/","og_site_name":"vzsbfarm.hu","article_modified_time":"2026-04-17T02:00:54+00:00","og_image":[{"width":838,"height":838,"url":"https:\/\/vzsbfarm.hu\/wp-content\/uploads\/2026\/04\/Cizme-lucru-nora-idro-high_2048x2048_nexonfarm.ro_Images-1763469687889.webp","type":"image\/webp"}],"twitter_card":"summary_large_image","schema":{"@context":"https:\/\/schema.org","@graph":[{"@type":"WebPage","@id":"https:\/\/vzsbfarm.hu\/index.php\/product\/nora-idro-high-munkacsizma\/","url":"https:\/\/vzsbfarm.hu\/index.php\/product\/nora-idro-high-munkacsizma\/","name":"Nora IDRO HIGH munkacsizma - vzsbfarm.hu","isPartOf":{"@id":"https:\/\/vzsbfarm.hu\/#website"},"primaryImageOfPage":{"@id":"https:\/\/vzsbfarm.hu\/index.php\/product\/nora-idro-high-munkacsizma\/#primaryimage"},"image":{"@id":"https:\/\/vzsbfarm.hu\/index.php\/product\/nora-idro-high-munkacsizma\/#primaryimage"},"thumbnailUrl":"https:\/\/vzsbfarm.hu\/wp-content\/uploads\/2026\/04\/Cizme-lucru-nora-idro-high_2048x2048_nexonfarm.ro_Images-1763469687889.webp","datePublished":"2026-04-15T02:07:08+00:00","dateModified":"2026-04-17T02:00:54+00:00","breadcrumb":{"@id":"https:\/\/vzsbfarm.hu\/index.php\/product\/nora-idro-high-munkacsizma\/#breadcrumb"},"inLanguage":"hu","potentialAction":[{"@type":"ReadAction","target":["https:\/\/vzsbfarm.hu\/index.php\/product\/nora-idro-high-munkacsizma\/"]}]},{"@type":"ImageObject","inLanguage":"hu","@id":"https:\/\/vzsbfarm.hu\/index.php\/product\/nora-idro-high-munkacsizma\/#primaryimage","url":"https:\/\/vzsbfarm.hu\/wp-content\/uploads\/2026\/04\/Cizme-lucru-nora-idro-high_2048x2048_nexonfarm.ro_Images-1763469687889.webp","contentUrl":"https:\/\/vzsbfarm.hu\/wp-content\/uploads\/2026\/04\/Cizme-lucru-nora-idro-high_2048x2048_nexonfarm.ro_Images-1763469687889.webp","width":838,"height":838},{"@type":"BreadcrumbList","@id":"https:\/\/vzsbfarm.hu\/index.php\/product\/nora-idro-high-munkacsizma\/#breadcrumb","itemListElement":[{"@type":"ListItem","position":1,"name":"Kezd\u0151lap","item":"https:\/\/vzsbfarm.hu\/"},{"@type":"ListItem","position":2,"name":"Shop","item":"https:\/\/vzsbfarm.hu\/index.php\/shop-2\/"},{"@type":"ListItem","position":3,"name":"Nora IDRO HIGH munkacsizma"}]},{"@type":"WebSite","@id":"https:\/\/vzsbfarm.hu\/#website","url":"https:\/\/vzsbfarm.hu\/","name":"VZSBFarm.hu","description":"","publisher":{"@id":"https:\/\/vzsbfarm.hu\/#organization"},"potentialAction":[{"@type":"SearchAction","target":{"@type":"EntryPoint","urlTemplate":"https:\/\/vzsbfarm.hu\/?s={search_term_string}"},"query-input":{"@type":"PropertyValueSpecification","valueRequired":true,"valueName":"search_term_string"}}],"inLanguage":"hu"},{"@type":"Organization","@id":"https:\/\/vzsbfarm.hu\/#organization","name":"vzsbfarm.hu","url":"https:\/\/vzsbfarm.hu\/","logo":{"@type":"ImageObject","inLanguage":"hu","@id":"https:\/\/vzsbfarm.hu\/#\/schema\/logo\/image\/","url":"https:\/\/vzsbfarm.hu\/wp-content\/uploads\/2025\/03\/vzsbfarm.png","contentUrl":"https:\/\/vzsbfarm.hu\/wp-content\/uploads\/2025\/03\/vzsbfarm.png","width":1295,"height":118,"caption":"vzsbfarm.hu"},"image":{"@id":"https:\/\/vzsbfarm.hu\/#\/schema\/logo\/image\/"}}]}},"_links":{"self":[{"href":"https:\/\/vzsbfarm.hu\/index.php\/wp-json\/wp\/v2\/product\/16344","targetHints":{"allow":["GET"]}}],"collection":[{"href":"https:\/\/vzsbfarm.hu\/index.php\/wp-json\/wp\/v2\/product"}],"about":[{"href":"https:\/\/vzsbfarm.hu\/index.php\/wp-json\/wp\/v2\/types\/product"}],"wp:featuredmedia":[{"embeddable":true,"href":"https:\/\/vzsbfarm.hu\/index.php\/wp-json\/wp\/v2\/media\/16345"}],"wp:attachment":[{"href":"https:\/\/vzsbfarm.hu\/index.php\/wp-json\/wp\/v2\/media?parent=16344"}],"wp:term":[{"taxonomy":"product_brand","embeddable":true,"href":"https:\/\/vzsbfarm.hu\/index.php\/wp-json\/wp\/v2\/product_brand?post=16344"},{"taxonomy":"product_cat","embeddable":true,"href":"https:\/\/vzsbfarm.hu\/index.php\/wp-json\/wp\/v2\/product_cat?post=16344"},{"taxonomy":"product_tag","embeddable":true,"href":"https:\/\/vzsbfarm.hu\/index.php\/wp-json\/wp\/v2\/product_tag?post=16344"}],"curies":[{"name":"wp","href":"https:\/\/api.w.org\/{rel}","templated":true}]}}